{"id":1090,"date":"2022-06-04T22:10:27","date_gmt":"2022-06-04T20:10:27","guid":{"rendered":"https:\/\/www.adivasihilfe.de\/?page_id=1090"},"modified":"2022-11-05T11:08:07","modified_gmt":"2022-11-05T10:08:07","slug":"jahresabschluesse-und-berichte","status":"publish","type":"page","link":"https:\/\/www.adivasihilfe.de\/?page_id=1090","title":{"rendered":"Jahresabschl\u00fcsse und -berichte"},"content":{"rendered":"\t\t<div data-elementor-type=\"wp-page\" data-elementor-id=\"1090\" class=\"elementor elementor-1090\" data-elementor-post-type=\"page\">\n\t\t\t\t<div class=\"elementor-element elementor-element-242a098 e-flex e-con-boxed e-con e-parent\" data-id=\"242a098\" data-element_type=\"container\">\n\t\t\t\t\t<div class=\"e-con-inner\">\n\t\t\t\t<div class=\"elementor-element elementor-element-847bec3 elementor-widget elementor-widget-image\" data-id=\"847bec3\" data-element_type=\"widget\" data-widget_type=\"image.default\">\n\t\t\t\t<div class=\"elementor-widget-container\">\n\t\t\t\t\t\t\t\t\t\t\t\t\t\t\t<img fetchpriority=\"high\" decoding=\"async\" width=\"1200\" height=\"642\" src=\"https:\/\/www.adivasihilfe.de\/wp-content\/uploads\/IMG_3570_5f8dc2da5acd5-1024x742_VB.jpg\" class=\"attachment-full size-full wp-image-1107\" alt=\"\" srcset=\"https:\/\/www.adivasihilfe.de\/wp-content\/uploads\/IMG_3570_5f8dc2da5acd5-1024x742_VB.jpg 1200w, https:\/\/www.adivasihilfe.de\/wp-content\/uploads\/IMG_3570_5f8dc2da5acd5-1024x742_VB-300x161.jpg 300w, https:\/\/www.adivasihilfe.de\/wp-content\/uploads\/IMG_3570_5f8dc2da5acd5-1024x742_VB-1024x548.jpg 1024w, https:\/\/www.adivasihilfe.de\/wp-content\/uploads\/IMG_3570_5f8dc2da5acd5-1024x742_VB-768x411.jpg 768w, https:\/\/www.adivasihilfe.de\/wp-content\/uploads\/IMG_3570_5f8dc2da5acd5-1024x742_VB-600x321.jpg 600w\" sizes=\"(max-width: 1200px) 100vw, 1200px\" \/>\t\t\t\t\t\t\t\t\t\t\t\t\t\t\t<\/div>\n\t\t\t\t<\/div>\n\t\t\t\t\t<\/div>\n\t\t\t\t<\/div>\n\t\t<div class=\"elementor-element elementor-element-2a3cc2a e-flex e-con-boxed e-con e-parent\" data-id=\"2a3cc2a\" data-element_type=\"container\" data-settings=\"{&quot;background_background&quot;:&quot;classic&quot;}\">\n\t\t\t\t\t<div class=\"e-con-inner\">\n\t\t\t\t<div class=\"elementor-element elementor-element-f737bb4 elementor-widget__width-initial elementor-widget elementor-widget-text-editor\" data-id=\"f737bb4\" data-element_type=\"widget\" data-widget_type=\"text-editor.default\">\n\t\t\t\t<div class=\"elementor-widget-container\">\n\t\t\t\t\t\t\t\t\t<p>Jahresabschl\u00fcsse und -berichte<\/p>\t\t\t\t\t\t\t\t<\/div>\n\t\t\t\t<\/div>\n\t\t\t\t<div class=\"elementor-element elementor-element-bc5da10 elementor-widget elementor-widget-text-editor\" data-id=\"bc5da10\" data-element_type=\"widget\" data-widget_type=\"text-editor.default\">\n\t\t\t\t<div class=\"elementor-widget-container\">\n\t\t\t\t\t\t\t\t\t<p>Hier k\u00f6nnen Sie die Jahresabschl\u00fcsse und -berichte downloaden<\/p><p>(auf entsprehende Datei klicken, der Download beginnt).<\/p>\t\t\t\t\t\t\t\t<\/div>\n\t\t\t\t<\/div>\n\t\t\t\t\t<\/div>\n\t\t\t\t<\/div>\n\t\t<div class=\"elementor-element elementor-element-a36f425 e-flex e-con-boxed e-con e-parent\" data-id=\"a36f425\" data-element_type=\"container\" data-settings=\"{&quot;background_background&quot;:&quot;classic&quot;}\">\n\t\t\t\t\t<div class=\"e-con-inner\">\n\t\t<div class=\"elementor-element elementor-element-9510bf8 e-con-full e-flex e-con e-parent\" data-id=\"9510bf8\" data-element_type=\"container\">\n\t\t\t\t<div class=\"elementor-element elementor-element-6df3e8b elementor-widget elementor-widget-text-editor\" data-id=\"6df3e8b\" data-element_type=\"widget\" data-widget_type=\"text-editor.default\">\n\t\t\t\t<div class=\"elementor-widget-container\">\n\t\t\t\t\t\t\t\t\t<p><strong>Bilanzen<\/strong><\/p>\t\t\t\t\t\t\t\t<\/div>\n\t\t\t\t<\/div>\n\t\t\t\t<div class=\"elementor-element elementor-element-114067a elementor-widget elementor-widget-text-editor\" data-id=\"114067a\" data-element_type=\"widget\" data-widget_type=\"text-editor.default\">\n\t\t\t\t<div class=\"elementor-widget-container\">\n\t\t\t\t\t\t\t\t\t<p><a href=\"https:\/\/www.adivasihilfe.de\/wp-content\/uploads\/Bilanzen.pdf\">Bilanzen<\/a> 2022<\/p>\t\t\t\t\t\t\t\t<\/div>\n\t\t\t\t<\/div>\n\t\t\t\t<\/div>\n\t\t<div class=\"elementor-element elementor-element-7b38843 e-con-full e-flex e-con e-parent\" data-id=\"7b38843\" data-element_type=\"container\">\n\t\t\t\t<div class=\"elementor-element elementor-element-28204e1 elementor-widget elementor-widget-text-editor\" data-id=\"28204e1\" data-element_type=\"widget\" data-widget_type=\"text-editor.default\">\n\t\t\t\t<div class=\"elementor-widget-container\">\n\t\t\t\t\t\t\t\t\t<p><strong>Gewinn-und Verlustrechnung<\/strong><\/p>\t\t\t\t\t\t\t\t<\/div>\n\t\t\t\t<\/div>\n\t\t\t\t<div class=\"elementor-element elementor-element-4f65eaf elementor-widget elementor-widget-text-editor\" data-id=\"4f65eaf\" data-element_type=\"widget\" data-widget_type=\"text-editor.default\">\n\t\t\t\t<div class=\"elementor-widget-container\">\n\t\t\t\t\t\t\t\t\t<p><a href=\"https:\/\/www.adivasihilfe.de\/wp-content\/uploads\/Gewinn-und-Verlustrechnung.pdf\">Gewinn- und Verlustrechnung<\/a> 2022<\/p>\t\t\t\t\t\t\t\t<\/div>\n\t\t\t\t<\/div>\n\t\t\t\t<\/div>\n\t\t<div class=\"elementor-element elementor-element-2455e0e e-con-full e-flex e-con e-parent\" data-id=\"2455e0e\" data-element_type=\"container\">\n\t\t\t\t<div class=\"elementor-element elementor-element-a19d473 elementor-widget elementor-widget-text-editor\" data-id=\"a19d473\" data-element_type=\"widget\" data-widget_type=\"text-editor.default\">\n\t\t\t\t<div class=\"elementor-widget-container\">\n\t\t\t\t\t\t\t\t\t<p><strong>Jahresberichte<\/strong><\/p>\t\t\t\t\t\t\t\t<\/div>\n\t\t\t\t<\/div>\n\t\t\t\t<div class=\"elementor-element elementor-element-2ea1b3c elementor-widget elementor-widget-text-editor\" data-id=\"2ea1b3c\" data-element_type=\"widget\" data-widget_type=\"text-editor.default\">\n\t\t\t\t<div class=\"elementor-widget-container\">\n\t\t\t\t\t\t\t\t\t<p><a href=\"https:\/\/www.adivasihilfe.de\/wp-content\/uploads\/Jahresbericht.pdf\">Jahresbericht<\/a> 2022<\/p>\t\t\t\t\t\t\t\t<\/div>\n\t\t\t\t<\/div>\n\t\t\t\t<\/div>\n\t\t\t\t\t<\/div>\n\t\t\t\t<\/div>\n\t\t\t\t<\/div>\n\t\t","protected":false},"excerpt":{"rendered":"<p>Jahresabschl\u00fcsse und -berichte Hier k\u00f6nnen Sie die Jahresabschl\u00fcsse und -berichte downloaden (auf entsprehende Datei klicken, der Download beginnt). Bilanzen Bilanzen 2022 Gewinn-und Verlustrechnung Gewinn- und Verlustrechnung 2022 Jahresberichte Jahresbericht 2022<\/p>\n","protected":false},"author":2,"featured_media":0,"parent":0,"menu_order":0,"comment_status":"closed","ping_status":"closed","template":"elementor_theme","meta":{"footnotes":""},"class_list":["post-1090","page","type-page","status-publish","hentry"],"yoast_head":"<!-- This site is optimized with the Yoast SEO plugin v24.9 - https:\/\/yoast.com\/wordpress\/plugins\/seo\/ -->\n<title>Jahresabschl\u00fcsse und -berichte - AdivasiHilfe e.V.<\/title>\n<meta name=\"robots\" content=\"index, follow, max-snippet:-1, max-image-preview:large, max-video-preview:-1\" \/>\n<link rel=\"canonical\" href=\"https:\/\/www.adivasihilfe.de\/?page_id=1090\" \/>\n<meta property=\"og:locale\" content=\"de_DE\" \/>\n<meta property=\"og:type\" content=\"article\" \/>\n<meta property=\"og:title\" content=\"Jahresabschl\u00fcsse und -berichte - AdivasiHilfe e.V.\" \/>\n<meta property=\"og:description\" content=\"Jahresabschl\u00fcsse und -berichte Hier k\u00f6nnen Sie die Jahresabschl\u00fcsse und -berichte downloaden (auf entsprehende Datei klicken, der Download beginnt). Bilanzen Bilanzen 2022 Gewinn-und Verlustrechnung Gewinn- und Verlustrechnung 2022 Jahresberichte Jahresbericht 2022\" \/>\n<meta property=\"og:url\" content=\"https:\/\/www.adivasihilfe.de\/?page_id=1090\" \/>\n<meta property=\"og:site_name\" content=\"AdivasiHilfe e.V.\" \/>\n<meta property=\"article:modified_time\" content=\"2022-11-05T10:08:07+00:00\" \/>\n<meta property=\"og:image\" content=\"https:\/\/www.adivasihilfe.de\/wp-content\/uploads\/IMG_3570_5f8dc2da5acd5-1024x742_VB.jpg\" \/>\n<meta name=\"twitter:card\" content=\"summary_large_image\" \/>\n<meta name=\"twitter:label1\" content=\"Gesch\u00e4tzte Lesezeit\" \/>\n\t<meta name=\"twitter:data1\" content=\"1\u00a0Minute\" \/>\n<script type=\"application\/ld+json\" class=\"yoast-schema-graph\">{\"@context\":\"https:\/\/schema.org\",\"@graph\":[{\"@type\":\"WebPage\",\"@id\":\"https:\/\/www.adivasihilfe.de\/?page_id=1090\",\"url\":\"https:\/\/www.adivasihilfe.de\/?page_id=1090\",\"name\":\"Jahresabschl\u00fcsse und -berichte - AdivasiHilfe e.V.\",\"isPartOf\":{\"@id\":\"https:\/\/www.adivasihilfe.de\/#website\"},\"primaryImageOfPage\":{\"@id\":\"https:\/\/www.adivasihilfe.de\/?page_id=1090#primaryimage\"},\"image\":{\"@id\":\"https:\/\/www.adivasihilfe.de\/?page_id=1090#primaryimage\"},\"thumbnailUrl\":\"https:\/\/www.adivasihilfe.de\/wp-content\/uploads\/IMG_3570_5f8dc2da5acd5-1024x742_VB.jpg\",\"datePublished\":\"2022-06-04T20:10:27+00:00\",\"dateModified\":\"2022-11-05T10:08:07+00:00\",\"breadcrumb\":{\"@id\":\"https:\/\/www.adivasihilfe.de\/?page_id=1090#breadcrumb\"},\"inLanguage\":\"de\",\"potentialAction\":[{\"@type\":\"ReadAction\",\"target\":[\"https:\/\/www.adivasihilfe.de\/?page_id=1090\"]}]},{\"@type\":\"ImageObject\",\"inLanguage\":\"de\",\"@id\":\"https:\/\/www.adivasihilfe.de\/?page_id=1090#primaryimage\",\"url\":\"https:\/\/www.adivasihilfe.de\/wp-content\/uploads\/IMG_3570_5f8dc2da5acd5-1024x742_VB.jpg\",\"contentUrl\":\"https:\/\/www.adivasihilfe.de\/wp-content\/uploads\/IMG_3570_5f8dc2da5acd5-1024x742_VB.jpg\",\"width\":1200,\"height\":642},{\"@type\":\"BreadcrumbList\",\"@id\":\"https:\/\/www.adivasihilfe.de\/?page_id=1090#breadcrumb\",\"itemListElement\":[{\"@type\":\"ListItem\",\"position\":1,\"name\":\"Startseite\",\"item\":\"https:\/\/www.adivasihilfe.de\/\"},{\"@type\":\"ListItem\",\"position\":2,\"name\":\"Jahresabschl\u00fcsse und -berichte\"}]},{\"@type\":\"WebSite\",\"@id\":\"https:\/\/www.adivasihilfe.de\/#website\",\"url\":\"https:\/\/www.adivasihilfe.de\/\",\"name\":\"AdivasiHilfe e.V.\",\"description\":\"\",\"publisher\":{\"@id\":\"https:\/\/www.adivasihilfe.de\/#organization\"},\"potentialAction\":[{\"@type\":\"SearchAction\",\"target\":{\"@type\":\"EntryPoint\",\"urlTemplate\":\"https:\/\/www.adivasihilfe.de\/?s={search_term_string}\"},\"query-input\":{\"@type\":\"PropertyValueSpecification\",\"valueRequired\":true,\"valueName\":\"search_term_string\"}}],\"inLanguage\":\"de\"},{\"@type\":\"Organization\",\"@id\":\"https:\/\/www.adivasihilfe.de\/#organization\",\"name\":\"AdivasiHilfe e.V.\",\"url\":\"https:\/\/www.adivasihilfe.de\/\",\"logo\":{\"@type\":\"ImageObject\",\"inLanguage\":\"de\",\"@id\":\"https:\/\/www.adivasihilfe.de\/#\/schema\/logo\/image\/\",\"url\":\"https:\/\/www.adivasihilfe.de\/wp-content\/uploads\/2022\/04\/cropped-Adivasihilfe_logo-4-cm-breit.png\",\"contentUrl\":\"https:\/\/www.adivasihilfe.de\/wp-content\/uploads\/2022\/04\/cropped-Adivasihilfe_logo-4-cm-breit.png\",\"width\":236,\"height\":200,\"caption\":\"AdivasiHilfe e.V.\"},\"image\":{\"@id\":\"https:\/\/www.adivasihilfe.de\/#\/schema\/logo\/image\/\"}}]}<\/script>\n<!-- \/ Yoast SEO plugin. -->","yoast_head_json":{"title":"Jahresabschl\u00fcsse und -berichte - AdivasiHilfe e.V.","robots":{"index":"index","follow":"follow","max-snippet":"max-snippet:-1","max-image-preview":"max-image-preview:large","max-video-preview":"max-video-preview:-1"},"canonical":"https:\/\/www.adivasihilfe.de\/?page_id=1090","og_locale":"de_DE","og_type":"article","og_title":"Jahresabschl\u00fcsse und -berichte - AdivasiHilfe e.V.","og_description":"Jahresabschl\u00fcsse und -berichte Hier k\u00f6nnen Sie die Jahresabschl\u00fcsse und -berichte downloaden (auf entsprehende Datei klicken, der Download beginnt). Bilanzen Bilanzen 2022 Gewinn-und Verlustrechnung Gewinn- und Verlustrechnung 2022 Jahresberichte Jahresbericht 2022","og_url":"https:\/\/www.adivasihilfe.de\/?page_id=1090","og_site_name":"AdivasiHilfe e.V.","article_modified_time":"2022-11-05T10:08:07+00:00","og_image":[{"url":"https:\/\/www.adivasihilfe.de\/wp-content\/uploads\/IMG_3570_5f8dc2da5acd5-1024x742_VB.jpg","type":"","width":"","height":""}],"twitter_card":"summary_large_image","twitter_misc":{"Gesch\u00e4tzte Lesezeit":"1\u00a0Minute"},"schema":{"@context":"https:\/\/schema.org","@graph":[{"@type":"WebPage","@id":"https:\/\/www.adivasihilfe.de\/?page_id=1090","url":"https:\/\/www.adivasihilfe.de\/?page_id=1090","name":"Jahresabschl\u00fcsse und -berichte - AdivasiHilfe e.V.","isPartOf":{"@id":"https:\/\/www.adivasihilfe.de\/#website"},"primaryImageOfPage":{"@id":"https:\/\/www.adivasihilfe.de\/?page_id=1090#primaryimage"},"image":{"@id":"https:\/\/www.adivasihilfe.de\/?page_id=1090#primaryimage"},"thumbnailUrl":"https:\/\/www.adivasihilfe.de\/wp-content\/uploads\/IMG_3570_5f8dc2da5acd5-1024x742_VB.jpg","datePublished":"2022-06-04T20:10:27+00:00","dateModified":"2022-11-05T10:08:07+00:00","breadcrumb":{"@id":"https:\/\/www.adivasihilfe.de\/?page_id=1090#breadcrumb"},"inLanguage":"de","potentialAction":[{"@type":"ReadAction","target":["https:\/\/www.adivasihilfe.de\/?page_id=1090"]}]},{"@type":"ImageObject","inLanguage":"de","@id":"https:\/\/www.adivasihilfe.de\/?page_id=1090#primaryimage","url":"https:\/\/www.adivasihilfe.de\/wp-content\/uploads\/IMG_3570_5f8dc2da5acd5-1024x742_VB.jpg","contentUrl":"https:\/\/www.adivasihilfe.de\/wp-content\/uploads\/IMG_3570_5f8dc2da5acd5-1024x742_VB.jpg","width":1200,"height":642},{"@type":"BreadcrumbList","@id":"https:\/\/www.adivasihilfe.de\/?page_id=1090#breadcrumb","itemListElement":[{"@type":"ListItem","position":1,"name":"Startseite","item":"https:\/\/www.adivasihilfe.de\/"},{"@type":"ListItem","position":2,"name":"Jahresabschl\u00fcsse und -berichte"}]},{"@type":"WebSite","@id":"https:\/\/www.adivasihilfe.de\/#website","url":"https:\/\/www.adivasihilfe.de\/","name":"AdivasiHilfe e.V.","description":"","publisher":{"@id":"https:\/\/www.adivasihilfe.de\/#organization"},"potentialAction":[{"@type":"SearchAction","target":{"@type":"EntryPoint","urlTemplate":"https:\/\/www.adivasihilfe.de\/?s={search_term_string}"},"query-input":{"@type":"PropertyValueSpecification","valueRequired":true,"valueName":"search_term_string"}}],"inLanguage":"de"},{"@type":"Organization","@id":"https:\/\/www.adivasihilfe.de\/#organization","name":"AdivasiHilfe e.V.","url":"https:\/\/www.adivasihilfe.de\/","logo":{"@type":"ImageObject","inLanguage":"de","@id":"https:\/\/www.adivasihilfe.de\/#\/schema\/logo\/image\/","url":"https:\/\/www.adivasihilfe.de\/wp-content\/uploads\/2022\/04\/cropped-Adivasihilfe_logo-4-cm-breit.png","contentUrl":"https:\/\/www.adivasihilfe.de\/wp-content\/uploads\/2022\/04\/cropped-Adivasihilfe_logo-4-cm-breit.png","width":236,"height":200,"caption":"AdivasiHilfe e.V."},"image":{"@id":"https:\/\/www.adivasihilfe.de\/#\/schema\/logo\/image\/"}}]}},"pbg_featured_image_src":{"full":false,"thumbnail":false,"medium":false,"medium_large":false,"large":false,"1536x1536":false,"2048x2048":false,"post-thumbnail":false,"cenote-full-width":false,"cenote-post":false,"cenote-post-auto":false,"mailpoet_newsletter_max":false,"portfolio_item-thumbnail":false,"portfolio_item-thumbnail@2x":false,"portfolio_item-masonry":false,"portfolio_item-masonry@2x":false,"portfolio_item-thumbnail_cinema":false,"portfolio_item-thumbnail_portrait":false,"portfolio_item-thumbnail_portrait@2x":false,"portfolio_item-thumbnail_square":false},"pbg_author_info":{"display_name":"admin","author_link":"https:\/\/www.adivasihilfe.de\/?author=2","author_img":"<img alt='admin' src='https:\/\/secure.gravatar.com\/avatar\/7174b41cd15443684ec44be96e259ec140105fbbc159361de3cc58b5ba0d383a?s=128&#038;d=mm&#038;r=g' srcset='https:\/\/secure.gravatar.com\/avatar\/7174b41cd15443684ec44be96e259ec140105fbbc159361de3cc58b5ba0d383a?s=256&#038;d=mm&#038;r=g 2x' class='avatar avatar-128 photo' height='128' width='128' decoding='async'\/>"},"pbg_comment_info":" No Comments","pbg_excerpt":"Jahresabschl\u00fcsse und -berichte Hier k\u00f6nnen Sie die Jahresabschl\u00fcsse und -berichte downloaden (auf entsprehende Datei klicken, der Download beginnt). Bilanzen Bilanzen 2022 Gewinn-und Verlustrechnung Gewinn- und Verlustrechnung 2022 Jahresberichte Jahresbericht 2022","featured_media_urls":[],"_links":{"self":[{"href":"https:\/\/www.adivasihilfe.de\/index.php?rest_route=\/wp\/v2\/pages\/1090","targetHints":{"allow":["GET"]}}],"collection":[{"href":"https:\/\/www.adivasihilfe.de\/index.php?rest_route=\/wp\/v2\/pages"}],"about":[{"href":"https:\/\/www.adivasihilfe.de\/index.php?rest_route=\/wp\/v2\/types\/page"}],"author":[{"embeddable":true,"href":"https:\/\/www.adivasihilfe.de\/index.php?rest_route=\/wp\/v2\/users\/2"}],"replies":[{"embeddable":true,"href":"https:\/\/www.adivasihilfe.de\/index.php?rest_route=%2Fwp%2Fv2%2Fcomments&post=1090"}],"version-history":[{"count":49,"href":"https:\/\/www.adivasihilfe.de\/index.php?rest_route=\/wp\/v2\/pages\/1090\/revisions"}],"predecessor-version":[{"id":1863,"href":"https:\/\/www.adivasihilfe.de\/index.php?rest_route=\/wp\/v2\/pages\/1090\/revisions\/1863"}],"wp:attachment":[{"href":"https:\/\/www.adivasihilfe.de\/index.php?rest_route=%2Fwp%2Fv2%2Fmedia&parent=1090"}],"curies":[{"name":"wp","href":"https:\/\/api.w.org\/{rel}","templated":true}]}}