{"id":3,"date":"2021-11-15T23:30:40","date_gmt":"2021-11-15T22:30:40","guid":{"rendered":"https:\/\/www.adivasihilfe.de\/?page_id=3"},"modified":"2022-08-16T23:05:57","modified_gmt":"2022-08-16T21:05:57","slug":"datenschutzerklaerung","status":"publish","type":"page","link":"https:\/\/www.adivasihilfe.de\/?page_id=3","title":{"rendered":"Datenschutzerkl\u00e4rung"},"content":{"rendered":"\t\t<div data-elementor-type=\"wp-page\" data-elementor-id=\"3\" class=\"elementor elementor-3\" data-elementor-post-type=\"page\">\n\t\t\t\t\t\t<section class=\"elementor-section elementor-top-section elementor-element elementor-element-442223d9 elementor-section-boxed elementor-section-height-default elementor-section-height-default\" data-id=\"442223d9\" data-element_type=\"section\">\n\t\t\t\t\t\t<div class=\"elementor-container elementor-column-gap-default\">\n\t\t\t\t\t<div class=\"elementor-column elementor-col-100 elementor-top-column elementor-element elementor-element-3c932039\" data-id=\"3c932039\" data-element_type=\"column\">\n\t\t\t<div class=\"elementor-widget-wrap elementor-element-populated\">\n\t\t\t\t\t\t<div class=\"elementor-element elementor-element-d296ff5 elementor-widget elementor-widget-text-editor\" data-id=\"d296ff5\" data-element_type=\"widget\" data-widget_type=\"text-editor.default\">\n\t\t\t\t<div class=\"elementor-widget-container\">\n\t\t\t\t\t\t\t\t\t<h4>Datenschutz<\/h4>\t\t\t\t\t\t\t\t<\/div>\n\t\t\t\t<\/div>\n\t\t\t\t<div class=\"elementor-element elementor-element-72d61398 elementor-widget elementor-widget-text-editor\" data-id=\"72d61398\" data-element_type=\"widget\" data-widget_type=\"text-editor.default\">\n\t\t\t\t<div class=\"elementor-widget-container\">\n\t\t\t\t\t\t\t\t\t<div class=\"\"><p class=\"\">Verantwortliche<strong> Stelle f\u00fcr die Erhebung, Verarbeitung und Nutzung Ihrer personenbezogenen Daten im Sinne des Bundesdatenschutzgesetzes (BDSG) ist<\/strong><\/p><p class=\"\">AdivasiHilfe e.V. , c\/o Dr. Oluf H\u00fcbner \u2013 Johannes-Henry-Str.1 \u2013 53113 Bonn<\/p><p class=\"\">Sofern Sie der Erhebung, Verarbeitung oder Nutzung Ihrer Daten durch AdivasiHilfe e.V. gem\u00e4\u00df den datenschutzrechtlichen Bestimmungen insgesamt oder f\u00fcr einzelne Ma\u00dfnahmen widersprechen m\u00f6chten, richten Sie Ihren Widerspruch per Brief an folgende Kontaktdaten:<\/p><p class=\"\">Dr. Oluf H\u00fcbner \u2013 Johannes-Henry-Str.1 \u2013 53113 Bonn<\/p><p class=\"\">Wir legen gr\u00f6\u00dften Wert auf den Schutz Ihrer Daten und die Wahrung Ihrer Privatsph\u00e4re. Nachstehend informieren wir Sie deshalb \u00fcber die Erhebung und Verwendung pers\u00f6nlicher Daten bei Nutzung unserer Webseite.<\/p><p class=\"\"><strong>Erheben, Speichern und Verwenden personenbezogener Daten<\/strong><\/p><p class=\"\">Bei dem Besuch unserer Website erheben, verwenden und speichern wir Ihre personenbezogenen Daten. Personenbezogene Daten sind nach \u00a7 3 Abs. 1 BDSG Einzelangaben \u00fcber pers\u00f6nliche oder sachliche Verh\u00e4ltnisse einer bestimmten oder bestimmbaren nat\u00fcrlichen Person (Betroffener).<\/p><p class=\"\"><strong>Datenerhebung unter strenger Beachtung der Gesetze<\/strong><\/p><p class=\"\">Bei der Erhebung, dem Verwenden und Speichern von personenbezogenen Daten beachten wir die Vorschriften des Bundesdatenschutzgesetzes, des Telemediengesetzes und ggf. weiterer anwendbarer Datenschutzbestimmungen. Alle Kundendaten werden unter Beachtung der einschl\u00e4gigen Vorschriften des Bundesdatenschutzgesetzes (BDSG) und des Telemediengesetzes (TMG) von uns gespeichert und verarbeitet.<\/p><p class=\"\"><strong>Keine Datenerhebung und -weitergabe ohne Ihre ausdr\u00fcckliche Einwilligung<\/strong><\/p><p class=\"\">Wir erheben, verarbeiten und nutzen Ihre pers\u00f6nlichen Daten nur dann, wenn Sie darin zuvor ausdr\u00fccklich eingewilligt haben. Diese Einwilligung k\u00f6nnen Sie jederzeit widerrufen durch eine Nachricht an:<\/p><p class=\"\">Dr. Oluf H\u00fcbner \u2013 Johannes-Henry-Str.1 \u2013 53113 Bonn<\/p><p class=\"\">Wir geben Ihre personenbezogenen Daten einschlie\u00dflich Ihrer Haus-Adresse und E-Mail-Adresse nicht ohne Ihre ausdr\u00fcckliche und jederzeit widerrufliche Einwilligung an Dritte weiter. Ausgenommen hiervon sind unsere Dienstleistungspartner, die zur Bestellabwicklung die \u00dcbermittlung von Daten ben\u00f6tigen (z.B. das mit der Lieferung beauftragte Versandunternehmen und das mit der Zahlungsabwicklung beauftragte Kreditinstitut). In diesen F\u00e4llen beschr\u00e4nkt sich der Umfang der \u00fcbermittelten Daten jedoch nur auf das erforderliche Minimum.<\/p><p class=\"\"><strong>Auskunft<\/strong><\/p><p class=\"\">Sie haben jederzeit das Recht auf unentgeltliche Auskunft \u00fcber Ihre gespeicherten Daten sowie das Recht auf Berichtigung, L\u00f6schung bzw. Sperrung. Wenden Sie sich hierzu bitte an die im Impressum angegebene Kontaktadresse. Wir stehen Ihnen jederzeit gern f\u00fcr weitergehende Fragen zu unseren Hinweisen zum Datenschutz und zur Verarbeitung Ihrer pers\u00f6nlichen Daten zur Verf\u00fcgung.<\/p><\/div><p><strong>Newsletter<\/strong><\/p><p>Mit den nachfolgenden Hinweisen informieren wir Sie \u00fcber die Inhalte unseres Newsletters sowie das Anmelde-, Versand- und das statistische Auswertungsverfahren sowie Ihre Widerspruchsrechte auf. Indem Sie unseren Newsletter abonnieren, erkl\u00e4ren Sie sich mit dem Empfang und den beschriebenen Verfahren einverstanden.<\/p><p>Inhalt des Newsletters: Wir versenden Newsletter, E-Mails und weitere elektronische Benachrichtigungen mit werblichen Informationen (nachfolgend \u201eNewsletter\u201c) nur mit der Einwilligung der Empf\u00e4nger oder einer gesetzlichen Erlaubnis. Sofern im Rahmen einer Anmeldung zum Newsletter dessen Inhalte konkret umschrieben werden, sind sie f\u00fcr die Einwilligung der Nutzer ma\u00dfgeblich. Im \u00dcbrigen enthalten unsere Newsletter Informationen zu unseren Leistungen und uns.<\/p><p>Double-Opt-In und Protokollierung: Die Anmeldung zu unserem Newsletter erfolgt in einem sog. Double-Opt-In-Verfahren. D.h. Sie erhalten nach der Anmeldung eine E-Mail, in der Sie um die Best\u00e4tigung Ihrer Anmeldung gebeten werden. Diese Best\u00e4tigung ist notwendig, damit sich niemand mit fremden E-Mailadressen anmelden kann. Die Anmeldungen zum Newsletter werden protokolliert, um den Anmeldeprozess entsprechend den rechtlichen Anforderungen nachweisen zu k\u00f6nnen. Hierzu geh\u00f6rt die Speicherung des Anmelde- und des Best\u00e4tigungszeitpunkts, als auch der IP-Adresse. Ebenso werden die \u00c4nderungen Ihrer bei dem Versanddienstleister gespeicherten Daten protokolliert.<\/p><p>Anmeldedaten: Um sich f\u00fcr den Newsletter anzumelden, reicht es aus, wenn Sie Ihre E-Mailadresse angeben. Optional bitten wir Sie einen Namen zwecks pers\u00f6nlicher Ansprache im Newsletters anzugeben.<\/p><p>Der Versand des Newsletters und die mit ihm verbundene Erfolgsmessung erfolgt auf Grundlage einer Einwilligung der Empf\u00e4nger gem. Art. 6 Abs. 1 lit. a, Art. 7 DSGVO i.V.m \u00a7 7 Abs. 2 Nr. 3 UWG bzw. auf Grundlage der gesetzlichen Erlaubnis gem. \u00a7 7 Abs. 3 UWG.<\/p><p>Die Protokollierung des Anmeldeverfahrens erfolgt auf Grundlage unserer berechtigten Interessen gem. Art. 6 Abs. 1 lit. f DSGVO. Unser Interesse richtet sich auf den Einsatz eines nutzerfreundlichen sowie sicheren Newslettersystems, das sowohl unseren gesch\u00e4ftlichen Interessen dient, als auch den Erwartungen der Nutzer entspricht und uns ferner den Nachweis von Einwilligungen erlaubt.<\/p><p><strong>K\u00fcndigung\/Widerruf<\/strong> \u2013 Sie k\u00f6nnen den Empfang unseres Newsletters jederzeit k\u00fcndigen, d.h. Ihre Einwilligungen widerrufen. Einen Link zur K\u00fcndigung des Newsletters finden Sie am Ende eines jeden Newsletters. Wir k\u00f6nnen die ausgetragenen E-Mailadressen bis zu drei Jahren auf Grundlage unserer berechtigten Interessen speichern bevor wir sie f\u00fcr Zwecke des Newsletterversandes l\u00f6schen, um eine ehemals gegebene Einwilligung nachweisen zu k\u00f6nnen. Die Verarbeitung dieser Daten wird auf den Zweck einer m\u00f6glichen Abwehr von Anspr\u00fcchen beschr\u00e4nkt. Ein individueller L\u00f6schungsantrag ist jederzeit m\u00f6glich, sofern zugleich das ehemalige Bestehen einer Einwilligung best\u00e4tigt wird.<\/p><p><strong>Newsletter \u2013 Versanddienstleister<\/strong><\/p><p>Der Versand der Newsletter erfolgt mittels des Versanddienstleisters MailPoet \u2013 ein Produkt von Wysija SARL, 6 rue Dieud\u00e9, 13006, Marseille, FRANCE. Die Datenschutzbestimmungen des Versanddienstleisters k\u00f6nnen Sie hier einsehen: https:\/\/www.mailpoet.com\/privacy-notice\/. Der Versanddienstleister wird auf Grundlage unserer berechtigten Interessen gem. Art. 6 Abs. 1 lit. f DSGVO und eines Auftragsverarbeitungsvertrages gem. Art. 28 Abs. 3 S. 1 DSGVO eingesetzt.<\/p><p>Der Versanddienstleister MailPoet kann die Daten der Empf\u00e4nger in pseudonymer Form, d.h. ohne Zuordnung zu einem Nutzer, zur Optimierung oder Verbesserung der eigenen Services nutzen, z.B. zur technischen Optimierung des Versandes und der Darstellung der Newsletter oder f\u00fcr statistische Zwecke verwenden. Der Versanddienstleister nutzt die Daten unserer Newsletterempf\u00e4nger jedoch nicht, um diese selbst anzuschreiben oder um die Daten an Dritte weiterzugeben.<\/p><p><strong>Newsletter \u2013 Erfolgsmessung<\/strong><\/p><p>Die Newsletter enthalten einen sog. \u201eweb-beacon\u201c, d.h. eine pixelgro\u00dfe Datei, die beim \u00d6ffnen des Newsletters von unserem Server, bzw. sofern wir einen Versanddienstleister einsetzen, von dessen Server abgerufen wird. Im Rahmen dieses Abrufs werden zun\u00e4chst technische Informationen, wie Informationen zum Browser und Ihrem System, als auch Ihre IP-Adresse und Zeitpunkt des Abrufs erhoben.<\/p><p>Diese Informationen werden zur technischen Verbesserung der Services anhand der technischen Daten oder der Zielgruppen und ihres Leseverhaltens anhand derer Abruforte (die mit Hilfe der IP-Adresse bestimmbar sind) oder der Zugriffszeiten genutzt. Zu den statistischen Erhebungen geh\u00f6rt ebenfalls die Feststellung, ob die Newsletter ge\u00f6ffnet werden, wann sie ge\u00f6ffnet werden und welche Links geklickt werden. Diese Informationen k\u00f6nnen aus technischen Gr\u00fcnden zwar den einzelnen Newsletterempf\u00e4ngerinnen* zugeordnet werden. Es ist jedoch weder unser Bestreben, noch, sofern eingesetzt, das des Versanddienstleisters, einzelne Nutzerinnen* zu beobachten. Die Auswertungen dienen uns viel mehr dazu, die Lesegewohnheiten unserer Nutzerinnen* zu erkennen und unsere Inhalte auf sie anzupassen oder unterschiedliche Inhalte entsprechend den Interessen unserer Nutzerinnen* zu versenden.<\/p><p>\u00a0<\/p><div class=\"\">Viele Gr\u00fc\u00dfe<\/div><div class=\"\"><strong>Oluf H\u00fcbner<\/strong><\/div>\t\t\t\t\t\t\t\t<\/div>\n\t\t\t\t<\/div>\n\t\t\t\t\t<\/div>\n\t\t<\/div>\n\t\t\t\t\t<\/div>\n\t\t<\/section>\n\t\t\t\t<\/div>\n\t\t","protected":false},"excerpt":{"rendered":"<p>Datenschutz Verantwortliche Stelle f\u00fcr die Erhebung, Verarbeitung und Nutzung Ihrer personenbezogenen Daten im Sinne des Bundesdatenschutzgesetzes (BDSG) ist AdivasiHilfe e.V. , c\/o Dr. Oluf H\u00fcbner \u2013 Johannes-Henry-Str.1 \u2013 53113 Bonn Sofern Sie der Erhebung, Verarbeitung oder Nutzung Ihrer Daten durch AdivasiHilfe e.V. gem\u00e4\u00df den datenschutzrechtlichen Bestimmungen insgesamt oder f\u00fcr einzelne Ma\u00dfnahmen widersprechen m\u00f6chten, richten Sie [&hellip;]<\/p>\n","protected":false},"author":1,"featured_media":0,"parent":0,"menu_order":0,"comment_status":"closed","ping_status":"open","template":"","meta":{"footnotes":""},"class_list":["post-3","page","type-page","status-publish","hentry"],"yoast_head":"<!-- This site is optimized with the Yoast SEO plugin v24.9 - https:\/\/yoast.com\/wordpress\/plugins\/seo\/ -->\n<title>Datenschutzerkl\u00e4rung - AdivasiHilfe e.V.<\/title>\n<meta name=\"robots\" content=\"index, follow, max-snippet:-1, max-image-preview:large, max-video-preview:-1\" \/>\n<link rel=\"canonical\" href=\"https:\/\/www.adivasihilfe.de\/?page_id=3\" \/>\n<meta property=\"og:locale\" content=\"de_DE\" \/>\n<meta property=\"og:type\" content=\"article\" \/>\n<meta property=\"og:title\" content=\"Datenschutzerkl\u00e4rung - AdivasiHilfe e.V.\" \/>\n<meta property=\"og:description\" content=\"Datenschutz Verantwortliche Stelle f\u00fcr die Erhebung, Verarbeitung und Nutzung Ihrer personenbezogenen Daten im Sinne des Bundesdatenschutzgesetzes (BDSG) ist AdivasiHilfe e.V. , c\/o Dr. Oluf H\u00fcbner \u2013 Johannes-Henry-Str.1 \u2013 53113 Bonn Sofern Sie der Erhebung, Verarbeitung oder Nutzung Ihrer Daten durch AdivasiHilfe e.V. gem\u00e4\u00df den datenschutzrechtlichen Bestimmungen insgesamt oder f\u00fcr einzelne Ma\u00dfnahmen widersprechen m\u00f6chten, richten Sie [&hellip;]\" \/>\n<meta property=\"og:url\" content=\"https:\/\/www.adivasihilfe.de\/?page_id=3\" \/>\n<meta property=\"og:site_name\" content=\"AdivasiHilfe e.V.\" \/>\n<meta property=\"article:modified_time\" content=\"2022-08-16T21:05:57+00:00\" \/>\n<meta name=\"twitter:card\" content=\"summary_large_image\" \/>\n<meta name=\"twitter:label1\" content=\"Gesch\u00e4tzte Lesezeit\" \/>\n\t<meta name=\"twitter:data1\" content=\"6\u00a0Minuten\" \/>\n<script type=\"application\/ld+json\" class=\"yoast-schema-graph\">{\"@context\":\"https:\/\/schema.org\",\"@graph\":[{\"@type\":\"WebPage\",\"@id\":\"https:\/\/www.adivasihilfe.de\/?page_id=3\",\"url\":\"https:\/\/www.adivasihilfe.de\/?page_id=3\",\"name\":\"Datenschutzerkl\u00e4rung - AdivasiHilfe e.V.\",\"isPartOf\":{\"@id\":\"https:\/\/www.adivasihilfe.de\/#website\"},\"datePublished\":\"2021-11-15T22:30:40+00:00\",\"dateModified\":\"2022-08-16T21:05:57+00:00\",\"breadcrumb\":{\"@id\":\"https:\/\/www.adivasihilfe.de\/?page_id=3#breadcrumb\"},\"inLanguage\":\"de\",\"potentialAction\":[{\"@type\":\"ReadAction\",\"target\":[\"https:\/\/www.adivasihilfe.de\/?page_id=3\"]}]},{\"@type\":\"BreadcrumbList\",\"@id\":\"https:\/\/www.adivasihilfe.de\/?page_id=3#breadcrumb\",\"itemListElement\":[{\"@type\":\"ListItem\",\"position\":1,\"name\":\"Startseite\",\"item\":\"https:\/\/www.adivasihilfe.de\/\"},{\"@type\":\"ListItem\",\"position\":2,\"name\":\"Datenschutzerkl\u00e4rung\"}]},{\"@type\":\"WebSite\",\"@id\":\"https:\/\/www.adivasihilfe.de\/#website\",\"url\":\"https:\/\/www.adivasihilfe.de\/\",\"name\":\"AdivasiHilfe e.V.\",\"description\":\"\",\"publisher\":{\"@id\":\"https:\/\/www.adivasihilfe.de\/#organization\"},\"potentialAction\":[{\"@type\":\"SearchAction\",\"target\":{\"@type\":\"EntryPoint\",\"urlTemplate\":\"https:\/\/www.adivasihilfe.de\/?s={search_term_string}\"},\"query-input\":{\"@type\":\"PropertyValueSpecification\",\"valueRequired\":true,\"valueName\":\"search_term_string\"}}],\"inLanguage\":\"de\"},{\"@type\":\"Organization\",\"@id\":\"https:\/\/www.adivasihilfe.de\/#organization\",\"name\":\"AdivasiHilfe e.V.\",\"url\":\"https:\/\/www.adivasihilfe.de\/\",\"logo\":{\"@type\":\"ImageObject\",\"inLanguage\":\"de\",\"@id\":\"https:\/\/www.adivasihilfe.de\/#\/schema\/logo\/image\/\",\"url\":\"https:\/\/www.adivasihilfe.de\/wp-content\/uploads\/2022\/04\/cropped-Adivasihilfe_logo-4-cm-breit.png\",\"contentUrl\":\"https:\/\/www.adivasihilfe.de\/wp-content\/uploads\/2022\/04\/cropped-Adivasihilfe_logo-4-cm-breit.png\",\"width\":236,\"height\":200,\"caption\":\"AdivasiHilfe e.V.\"},\"image\":{\"@id\":\"https:\/\/www.adivasihilfe.de\/#\/schema\/logo\/image\/\"}}]}<\/script>\n<!-- \/ Yoast SEO plugin. -->","yoast_head_json":{"title":"Datenschutzerkl\u00e4rung - AdivasiHilfe e.V.","robots":{"index":"index","follow":"follow","max-snippet":"max-snippet:-1","max-image-preview":"max-image-preview:large","max-video-preview":"max-video-preview:-1"},"canonical":"https:\/\/www.adivasihilfe.de\/?page_id=3","og_locale":"de_DE","og_type":"article","og_title":"Datenschutzerkl\u00e4rung - AdivasiHilfe e.V.","og_description":"Datenschutz Verantwortliche Stelle f\u00fcr die Erhebung, Verarbeitung und Nutzung Ihrer personenbezogenen Daten im Sinne des Bundesdatenschutzgesetzes (BDSG) ist AdivasiHilfe e.V. , c\/o Dr. Oluf H\u00fcbner \u2013 Johannes-Henry-Str.1 \u2013 53113 Bonn Sofern Sie der Erhebung, Verarbeitung oder Nutzung Ihrer Daten durch AdivasiHilfe e.V. gem\u00e4\u00df den datenschutzrechtlichen Bestimmungen insgesamt oder f\u00fcr einzelne Ma\u00dfnahmen widersprechen m\u00f6chten, richten Sie [&hellip;]","og_url":"https:\/\/www.adivasihilfe.de\/?page_id=3","og_site_name":"AdivasiHilfe e.V.","article_modified_time":"2022-08-16T21:05:57+00:00","twitter_card":"summary_large_image","twitter_misc":{"Gesch\u00e4tzte Lesezeit":"6\u00a0Minuten"},"schema":{"@context":"https:\/\/schema.org","@graph":[{"@type":"WebPage","@id":"https:\/\/www.adivasihilfe.de\/?page_id=3","url":"https:\/\/www.adivasihilfe.de\/?page_id=3","name":"Datenschutzerkl\u00e4rung - AdivasiHilfe e.V.","isPartOf":{"@id":"https:\/\/www.adivasihilfe.de\/#website"},"datePublished":"2021-11-15T22:30:40+00:00","dateModified":"2022-08-16T21:05:57+00:00","breadcrumb":{"@id":"https:\/\/www.adivasihilfe.de\/?page_id=3#breadcrumb"},"inLanguage":"de","potentialAction":[{"@type":"ReadAction","target":["https:\/\/www.adivasihilfe.de\/?page_id=3"]}]},{"@type":"BreadcrumbList","@id":"https:\/\/www.adivasihilfe.de\/?page_id=3#breadcrumb","itemListElement":[{"@type":"ListItem","position":1,"name":"Startseite","item":"https:\/\/www.adivasihilfe.de\/"},{"@type":"ListItem","position":2,"name":"Datenschutzerkl\u00e4rung"}]},{"@type":"WebSite","@id":"https:\/\/www.adivasihilfe.de\/#website","url":"https:\/\/www.adivasihilfe.de\/","name":"AdivasiHilfe e.V.","description":"","publisher":{"@id":"https:\/\/www.adivasihilfe.de\/#organization"},"potentialAction":[{"@type":"SearchAction","target":{"@type":"EntryPoint","urlTemplate":"https:\/\/www.adivasihilfe.de\/?s={search_term_string}"},"query-input":{"@type":"PropertyValueSpecification","valueRequired":true,"valueName":"search_term_string"}}],"inLanguage":"de"},{"@type":"Organization","@id":"https:\/\/www.adivasihilfe.de\/#organization","name":"AdivasiHilfe e.V.","url":"https:\/\/www.adivasihilfe.de\/","logo":{"@type":"ImageObject","inLanguage":"de","@id":"https:\/\/www.adivasihilfe.de\/#\/schema\/logo\/image\/","url":"https:\/\/www.adivasihilfe.de\/wp-content\/uploads\/2022\/04\/cropped-Adivasihilfe_logo-4-cm-breit.png","contentUrl":"https:\/\/www.adivasihilfe.de\/wp-content\/uploads\/2022\/04\/cropped-Adivasihilfe_logo-4-cm-breit.png","width":236,"height":200,"caption":"AdivasiHilfe e.V."},"image":{"@id":"https:\/\/www.adivasihilfe.de\/#\/schema\/logo\/image\/"}}]}},"pbg_featured_image_src":{"full":false,"thumbnail":false,"medium":false,"medium_large":false,"large":false,"1536x1536":false,"2048x2048":false,"post-thumbnail":false,"cenote-full-width":false,"cenote-post":false,"cenote-post-auto":false,"mailpoet_newsletter_max":false,"portfolio_item-thumbnail":false,"portfolio_item-thumbnail@2x":false,"portfolio_item-masonry":false,"portfolio_item-masonry@2x":false,"portfolio_item-thumbnail_cinema":false,"portfolio_item-thumbnail_portrait":false,"portfolio_item-thumbnail_portrait@2x":false,"portfolio_item-thumbnail_square":false},"pbg_author_info":{"display_name":"sarah","author_link":"https:\/\/www.adivasihilfe.de\/?author=1","author_img":"<img alt='sarah' src='https:\/\/secure.gravatar.com\/avatar\/de398b0f3e722772e388d9e4b80c6c75680151f96ec9087a851f7412019a1ed3?s=128&#038;d=mm&#038;r=g' srcset='https:\/\/secure.gravatar.com\/avatar\/de398b0f3e722772e388d9e4b80c6c75680151f96ec9087a851f7412019a1ed3?s=256&#038;d=mm&#038;r=g 2x' class='avatar avatar-128 photo' height='128' width='128' decoding='async'\/>"},"pbg_comment_info":" No Comments","pbg_excerpt":"Datenschutz Verantwortliche Stelle f\u00fcr die Erhebung, Verarbeitung und Nutzung Ihrer personenbezogenen Daten im Sinne des Bundesdatenschutzgesetzes (BDSG) ist AdivasiHilfe e.V. , c\/o Dr. Oluf H\u00fcbner \u2013 Johannes-Henry-Str.1 \u2013 53113 Bonn Sofern Sie der Erhebung, Verarbeitung oder Nutzung Ihrer Daten durch AdivasiHilfe e.V. gem\u00e4\u00df den datenschutzrechtlichen Bestimmungen insgesamt oder f\u00fcr einzelne Ma\u00dfnahmen widersprechen m\u00f6chten, richten Sie&hellip;","featured_media_urls":[],"_links":{"self":[{"href":"https:\/\/www.adivasihilfe.de\/index.php?rest_route=\/wp\/v2\/pages\/3","targetHints":{"allow":["GET"]}}],"collection":[{"href":"https:\/\/www.adivasihilfe.de\/index.php?rest_route=\/wp\/v2\/pages"}],"about":[{"href":"https:\/\/www.adivasihilfe.de\/index.php?rest_route=\/wp\/v2\/types\/page"}],"author":[{"embeddable":true,"href":"https:\/\/www.adivasihilfe.de\/index.php?rest_route=\/wp\/v2\/users\/1"}],"replies":[{"embeddable":true,"href":"https:\/\/www.adivasihilfe.de\/index.php?rest_route=%2Fwp%2Fv2%2Fcomments&post=3"}],"version-history":[{"count":19,"href":"https:\/\/www.adivasihilfe.de\/index.php?rest_route=\/wp\/v2\/pages\/3\/revisions"}],"predecessor-version":[{"id":1412,"href":"https:\/\/www.adivasihilfe.de\/index.php?rest_route=\/wp\/v2\/pages\/3\/revisions\/1412"}],"wp:attachment":[{"href":"https:\/\/www.adivasihilfe.de\/index.php?rest_route=%2Fwp%2Fv2%2Fmedia&parent=3"}],"curies":[{"name":"wp","href":"https:\/\/api.w.org\/{rel}","templated":true}]}}