{"id":721,"date":"2022-05-05T22:34:47","date_gmt":"2022-05-05T20:34:47","guid":{"rendered":"https:\/\/www.adivasihilfe.de\/?page_id=721"},"modified":"2022-07-19T13:15:30","modified_gmt":"2022-07-19T11:15:30","slug":"der-vorstand","status":"publish","type":"page","link":"https:\/\/www.adivasihilfe.de\/?page_id=721","title":{"rendered":"Der Vorstand"},"content":{"rendered":"\t\t<div data-elementor-type=\"wp-page\" data-elementor-id=\"721\" class=\"elementor elementor-721\" data-elementor-post-type=\"page\">\n\t\t\t\t<div class=\"elementor-element elementor-element-eb19dff e-flex e-con-boxed e-con e-parent\" data-id=\"eb19dff\" data-element_type=\"container\">\n\t\t\t\t\t<div class=\"e-con-inner\">\n\t\t\t\t<div class=\"elementor-element elementor-element-948d707 elementor-widget elementor-widget-heading\" data-id=\"948d707\" data-element_type=\"widget\" data-widget_type=\"heading.default\">\n\t\t\t\t<div class=\"elementor-widget-container\">\n\t\t\t\t\t<h4 class=\"elementor-heading-title elementor-size-default\">Der Vorstand<\/h4>\t\t\t\t<\/div>\n\t\t\t\t<\/div>\n\t\t\t\t<div class=\"elementor-element elementor-element-153f4e3 elementor-widget elementor-widget-text-editor\" data-id=\"153f4e3\" data-element_type=\"widget\" data-widget_type=\"text-editor.default\">\n\t\t\t\t<div class=\"elementor-widget-container\">\n\t\t\t\t\t\t\t\t\t<p>Die AdivasiHilfe ist ein in Bonn eingetragener Verein und setzt sich zusammenn aus dem <strong>Vorstand<\/strong>, im Speziellen dem <strong>1. Vositzenden (Dr. Oluf H\u00fcbner)<\/strong>, dem <strong>stellvertretenden Vorsitzenden (Erik Speck-Rosenbaum)<\/strong> und der <strong>Kassenw\u00e4rtin (Brigitte Br\u00fcck)<\/strong> sowie seinen Mitgliedern.<\/p>\t\t\t\t\t\t\t\t<\/div>\n\t\t\t\t<\/div>\n\t\t\t\t\t<\/div>\n\t\t\t\t<\/div>\n\t\t<div class=\"elementor-element elementor-element-a8fa3b4 e-flex e-con-boxed e-con e-parent\" data-id=\"a8fa3b4\" data-element_type=\"container\">\n\t\t\t\t\t<div class=\"e-con-inner\">\n\t\t<div class=\"elementor-element elementor-element-2c6c3a0 e-con-full e-flex e-con e-parent\" data-id=\"2c6c3a0\" data-element_type=\"container\">\n\t\t\t\t<div class=\"elementor-element elementor-element-7171529 elementor-widget elementor-widget-image\" data-id=\"7171529\" data-element_type=\"widget\" data-widget_type=\"image.default\">\n\t\t\t\t<div class=\"elementor-widget-container\">\n\t\t\t\t\t\t\t\t\t\t\t\t\t\t\t<img fetchpriority=\"high\" decoding=\"async\" width=\"800\" height=\"800\" src=\"https:\/\/www.adivasihilfe.de\/wp-content\/uploads\/AC_klein.jpg\" class=\"attachment-large size-large wp-image-1267\" alt=\"\" srcset=\"https:\/\/www.adivasihilfe.de\/wp-content\/uploads\/AC_klein.jpg 800w, https:\/\/www.adivasihilfe.de\/wp-content\/uploads\/AC_klein-300x300.jpg 300w, https:\/\/www.adivasihilfe.de\/wp-content\/uploads\/AC_klein-150x150.jpg 150w, https:\/\/www.adivasihilfe.de\/wp-content\/uploads\/AC_klein-768x768.jpg 768w, https:\/\/www.adivasihilfe.de\/wp-content\/uploads\/AC_klein-600x600.jpg 600w\" sizes=\"(max-width: 800px) 100vw, 800px\" \/>\t\t\t\t\t\t\t\t\t\t\t\t\t\t\t<\/div>\n\t\t\t\t<\/div>\n\t\t\t\t<div class=\"elementor-element elementor-element-bad48d2 elementor-widget elementor-widget-text-editor\" data-id=\"bad48d2\" data-element_type=\"widget\" data-widget_type=\"text-editor.default\">\n\t\t\t\t<div class=\"elementor-widget-container\">\n\t\t\t\t\t\t\t\t\t<p><strong>1. Vorsitzender<\/strong><\/p><p>Dr. Oluf H\u00fcbner<\/p><p>geb. am 25.01.1950 \u00a0<\/p><p class=\"dd\">Facharzt f\u00fcr Orthop\u00e4die und Unfallchirurgie in Bonn<\/p><p>oluf.huebner@web.de<\/p>\t\t\t\t\t\t\t\t<\/div>\n\t\t\t\t<\/div>\n\t\t\t\t<\/div>\n\t\t<div class=\"elementor-element elementor-element-bcc3dce e-con-full e-flex e-con e-parent\" data-id=\"bcc3dce\" data-element_type=\"container\">\n\t\t\t\t<div class=\"elementor-element elementor-element-31edea9 elementor-widget elementor-widget-image\" data-id=\"31edea9\" data-element_type=\"widget\" data-widget_type=\"image.default\">\n\t\t\t\t<div class=\"elementor-widget-container\">\n\t\t\t\t\t\t\t\t\t\t\t\t\t\t\t<img decoding=\"async\" width=\"1024\" height=\"1024\" src=\"https:\/\/www.adivasihilfe.de\/wp-content\/uploads\/AB-Kopie-2-1024x1024.png\" class=\"attachment-large size-large wp-image-1268\" alt=\"\" srcset=\"https:\/\/www.adivasihilfe.de\/wp-content\/uploads\/AB-Kopie-2-1024x1024.png 1024w, https:\/\/www.adivasihilfe.de\/wp-content\/uploads\/AB-Kopie-2-300x300.png 300w, https:\/\/www.adivasihilfe.de\/wp-content\/uploads\/AB-Kopie-2-150x150.png 150w, https:\/\/www.adivasihilfe.de\/wp-content\/uploads\/AB-Kopie-2-768x768.png 768w, https:\/\/www.adivasihilfe.de\/wp-content\/uploads\/AB-Kopie-2-600x600.png 600w, https:\/\/www.adivasihilfe.de\/wp-content\/uploads\/AB-Kopie-2-800x800.png 800w, https:\/\/www.adivasihilfe.de\/wp-content\/uploads\/AB-Kopie-2.png 1181w\" sizes=\"(max-width: 1024px) 100vw, 1024px\" \/>\t\t\t\t\t\t\t\t\t\t\t\t\t\t\t<\/div>\n\t\t\t\t<\/div>\n\t\t\t\t<div class=\"elementor-element elementor-element-e0134ab elementor-widget elementor-widget-text-editor\" data-id=\"e0134ab\" data-element_type=\"widget\" data-widget_type=\"text-editor.default\">\n\t\t\t\t<div class=\"elementor-widget-container\">\n\t\t\t\t\t\t\t\t\t<p><strong>Stellvertretender Vorsitzender<\/strong><\/p><p>Erik Speck-Rosenbaum \u00a0<\/p><p>geb. am 08.02.1952<\/p><p class=\"dd\">erik.speck@googlemail.com<\/p>\t\t\t\t\t\t\t\t<\/div>\n\t\t\t\t<\/div>\n\t\t\t\t<\/div>\n\t\t<div class=\"elementor-element elementor-element-248c7da e-con-full e-flex e-con e-parent\" data-id=\"248c7da\" data-element_type=\"container\">\n\t\t\t\t<div class=\"elementor-element elementor-element-6caf400 elementor-widget elementor-widget-image\" data-id=\"6caf400\" data-element_type=\"widget\" data-widget_type=\"image.default\">\n\t\t\t\t<div class=\"elementor-widget-container\">\n\t\t\t\t\t\t\t\t\t\t\t\t\t\t\t<img decoding=\"async\" width=\"801\" height=\"801\" src=\"https:\/\/www.adivasihilfe.de\/wp-content\/uploads\/AD_klein.jpg\" class=\"attachment-large size-large wp-image-1270\" alt=\"\" srcset=\"https:\/\/www.adivasihilfe.de\/wp-content\/uploads\/AD_klein.jpg 801w, https:\/\/www.adivasihilfe.de\/wp-content\/uploads\/AD_klein-300x300.jpg 300w, https:\/\/www.adivasihilfe.de\/wp-content\/uploads\/AD_klein-150x150.jpg 150w, https:\/\/www.adivasihilfe.de\/wp-content\/uploads\/AD_klein-768x768.jpg 768w, https:\/\/www.adivasihilfe.de\/wp-content\/uploads\/AD_klein-600x600.jpg 600w\" sizes=\"(max-width: 801px) 100vw, 801px\" \/>\t\t\t\t\t\t\t\t\t\t\t\t\t\t\t<\/div>\n\t\t\t\t<\/div>\n\t\t\t\t<div class=\"elementor-element elementor-element-5c6586d elementor-widget elementor-widget-text-editor\" data-id=\"5c6586d\" data-element_type=\"widget\" data-widget_type=\"text-editor.default\">\n\t\t\t\t<div class=\"elementor-widget-container\">\n\t\t\t\t\t\t\t\t\t<p><strong>Kassenw\u00e4rtin<\/strong><\/p><p>Brigitte Br\u00fcck \u00a0<\/p><p>geb. am 08.05.1954 \u00a0<\/p><p class=\"dd\">brigittebrueck@aol.com<\/p>\t\t\t\t\t\t\t\t<\/div>\n\t\t\t\t<\/div>\n\t\t\t\t<\/div>\n\t\t\t\t\t<\/div>\n\t\t\t\t<\/div>\n\t\t\t\t<\/div>\n\t\t","protected":false},"excerpt":{"rendered":"<p>Der Vorstand Die AdivasiHilfe ist ein in Bonn eingetragener Verein und setzt sich zusammenn aus dem Vorstand, im Speziellen dem 1. Vositzenden (Dr. Oluf H\u00fcbner), dem stellvertretenden Vorsitzenden (Erik Speck-Rosenbaum) und der Kassenw\u00e4rtin (Brigitte Br\u00fcck) sowie seinen Mitgliedern. 1. Vorsitzender Dr. Oluf H\u00fcbner geb. am 25.01.1950 \u00a0 Facharzt f\u00fcr Orthop\u00e4die und Unfallchirurgie in Bonn oluf.huebner@web.de [&hellip;]<\/p>\n","protected":false},"author":2,"featured_media":0,"parent":0,"menu_order":0,"comment_status":"closed","ping_status":"closed","template":"elementor_theme","meta":{"footnotes":""},"class_list":["post-721","page","type-page","status-publish","hentry"],"yoast_head":"<!-- This site is optimized with the Yoast SEO plugin v24.9 - https:\/\/yoast.com\/wordpress\/plugins\/seo\/ -->\n<title>Der Vorstand - AdivasiHilfe e.V.<\/title>\n<meta name=\"robots\" content=\"index, follow, max-snippet:-1, max-image-preview:large, max-video-preview:-1\" \/>\n<link rel=\"canonical\" href=\"https:\/\/www.adivasihilfe.de\/?page_id=721\" \/>\n<meta property=\"og:locale\" content=\"de_DE\" \/>\n<meta property=\"og:type\" content=\"article\" \/>\n<meta property=\"og:title\" content=\"Der Vorstand - AdivasiHilfe e.V.\" \/>\n<meta property=\"og:description\" content=\"Der Vorstand Die AdivasiHilfe ist ein in Bonn eingetragener Verein und setzt sich zusammenn aus dem Vorstand, im Speziellen dem 1. Vositzenden (Dr. Oluf H\u00fcbner), dem stellvertretenden Vorsitzenden (Erik Speck-Rosenbaum) und der Kassenw\u00e4rtin (Brigitte Br\u00fcck) sowie seinen Mitgliedern. 1. Vorsitzender Dr. Oluf H\u00fcbner geb. am 25.01.1950 \u00a0 Facharzt f\u00fcr Orthop\u00e4die und Unfallchirurgie in Bonn oluf.huebner@web.de [&hellip;]\" \/>\n<meta property=\"og:url\" content=\"https:\/\/www.adivasihilfe.de\/?page_id=721\" \/>\n<meta property=\"og:site_name\" content=\"AdivasiHilfe e.V.\" \/>\n<meta property=\"article:modified_time\" content=\"2022-07-19T11:15:30+00:00\" \/>\n<meta property=\"og:image\" content=\"https:\/\/www.adivasihilfe.de\/wp-content\/uploads\/AC_klein.jpg\" \/>\n<meta name=\"twitter:card\" content=\"summary_large_image\" \/>\n<meta name=\"twitter:label1\" content=\"Gesch\u00e4tzte Lesezeit\" \/>\n\t<meta name=\"twitter:data1\" content=\"1\u00a0Minute\" \/>\n<script type=\"application\/ld+json\" class=\"yoast-schema-graph\">{\"@context\":\"https:\/\/schema.org\",\"@graph\":[{\"@type\":\"WebPage\",\"@id\":\"https:\/\/www.adivasihilfe.de\/?page_id=721\",\"url\":\"https:\/\/www.adivasihilfe.de\/?page_id=721\",\"name\":\"Der Vorstand - AdivasiHilfe e.V.\",\"isPartOf\":{\"@id\":\"https:\/\/www.adivasihilfe.de\/#website\"},\"primaryImageOfPage\":{\"@id\":\"https:\/\/www.adivasihilfe.de\/?page_id=721#primaryimage\"},\"image\":{\"@id\":\"https:\/\/www.adivasihilfe.de\/?page_id=721#primaryimage\"},\"thumbnailUrl\":\"https:\/\/www.adivasihilfe.de\/wp-content\/uploads\/AC_klein.jpg\",\"datePublished\":\"2022-05-05T20:34:47+00:00\",\"dateModified\":\"2022-07-19T11:15:30+00:00\",\"breadcrumb\":{\"@id\":\"https:\/\/www.adivasihilfe.de\/?page_id=721#breadcrumb\"},\"inLanguage\":\"de\",\"potentialAction\":[{\"@type\":\"ReadAction\",\"target\":[\"https:\/\/www.adivasihilfe.de\/?page_id=721\"]}]},{\"@type\":\"ImageObject\",\"inLanguage\":\"de\",\"@id\":\"https:\/\/www.adivasihilfe.de\/?page_id=721#primaryimage\",\"url\":\"https:\/\/www.adivasihilfe.de\/wp-content\/uploads\/AC_klein.jpg\",\"contentUrl\":\"https:\/\/www.adivasihilfe.de\/wp-content\/uploads\/AC_klein.jpg\",\"width\":800,\"height\":800},{\"@type\":\"BreadcrumbList\",\"@id\":\"https:\/\/www.adivasihilfe.de\/?page_id=721#breadcrumb\",\"itemListElement\":[{\"@type\":\"ListItem\",\"position\":1,\"name\":\"Startseite\",\"item\":\"https:\/\/www.adivasihilfe.de\/\"},{\"@type\":\"ListItem\",\"position\":2,\"name\":\"Der Vorstand\"}]},{\"@type\":\"WebSite\",\"@id\":\"https:\/\/www.adivasihilfe.de\/#website\",\"url\":\"https:\/\/www.adivasihilfe.de\/\",\"name\":\"AdivasiHilfe e.V.\",\"description\":\"\",\"publisher\":{\"@id\":\"https:\/\/www.adivasihilfe.de\/#organization\"},\"potentialAction\":[{\"@type\":\"SearchAction\",\"target\":{\"@type\":\"EntryPoint\",\"urlTemplate\":\"https:\/\/www.adivasihilfe.de\/?s={search_term_string}\"},\"query-input\":{\"@type\":\"PropertyValueSpecification\",\"valueRequired\":true,\"valueName\":\"search_term_string\"}}],\"inLanguage\":\"de\"},{\"@type\":\"Organization\",\"@id\":\"https:\/\/www.adivasihilfe.de\/#organization\",\"name\":\"AdivasiHilfe e.V.\",\"url\":\"https:\/\/www.adivasihilfe.de\/\",\"logo\":{\"@type\":\"ImageObject\",\"inLanguage\":\"de\",\"@id\":\"https:\/\/www.adivasihilfe.de\/#\/schema\/logo\/image\/\",\"url\":\"https:\/\/www.adivasihilfe.de\/wp-content\/uploads\/2022\/04\/cropped-Adivasihilfe_logo-4-cm-breit.png\",\"contentUrl\":\"https:\/\/www.adivasihilfe.de\/wp-content\/uploads\/2022\/04\/cropped-Adivasihilfe_logo-4-cm-breit.png\",\"width\":236,\"height\":200,\"caption\":\"AdivasiHilfe e.V.\"},\"image\":{\"@id\":\"https:\/\/www.adivasihilfe.de\/#\/schema\/logo\/image\/\"}}]}<\/script>\n<!-- \/ Yoast SEO plugin. -->","yoast_head_json":{"title":"Der Vorstand - AdivasiHilfe e.V.","robots":{"index":"index","follow":"follow","max-snippet":"max-snippet:-1","max-image-preview":"max-image-preview:large","max-video-preview":"max-video-preview:-1"},"canonical":"https:\/\/www.adivasihilfe.de\/?page_id=721","og_locale":"de_DE","og_type":"article","og_title":"Der Vorstand - AdivasiHilfe e.V.","og_description":"Der Vorstand Die AdivasiHilfe ist ein in Bonn eingetragener Verein und setzt sich zusammenn aus dem Vorstand, im Speziellen dem 1. Vositzenden (Dr. Oluf H\u00fcbner), dem stellvertretenden Vorsitzenden (Erik Speck-Rosenbaum) und der Kassenw\u00e4rtin (Brigitte Br\u00fcck) sowie seinen Mitgliedern. 1. Vorsitzender Dr. Oluf H\u00fcbner geb. am 25.01.1950 \u00a0 Facharzt f\u00fcr Orthop\u00e4die und Unfallchirurgie in Bonn oluf.huebner@web.de [&hellip;]","og_url":"https:\/\/www.adivasihilfe.de\/?page_id=721","og_site_name":"AdivasiHilfe e.V.","article_modified_time":"2022-07-19T11:15:30+00:00","og_image":[{"url":"https:\/\/www.adivasihilfe.de\/wp-content\/uploads\/AC_klein.jpg","type":"","width":"","height":""}],"twitter_card":"summary_large_image","twitter_misc":{"Gesch\u00e4tzte Lesezeit":"1\u00a0Minute"},"schema":{"@context":"https:\/\/schema.org","@graph":[{"@type":"WebPage","@id":"https:\/\/www.adivasihilfe.de\/?page_id=721","url":"https:\/\/www.adivasihilfe.de\/?page_id=721","name":"Der Vorstand - AdivasiHilfe e.V.","isPartOf":{"@id":"https:\/\/www.adivasihilfe.de\/#website"},"primaryImageOfPage":{"@id":"https:\/\/www.adivasihilfe.de\/?page_id=721#primaryimage"},"image":{"@id":"https:\/\/www.adivasihilfe.de\/?page_id=721#primaryimage"},"thumbnailUrl":"https:\/\/www.adivasihilfe.de\/wp-content\/uploads\/AC_klein.jpg","datePublished":"2022-05-05T20:34:47+00:00","dateModified":"2022-07-19T11:15:30+00:00","breadcrumb":{"@id":"https:\/\/www.adivasihilfe.de\/?page_id=721#breadcrumb"},"inLanguage":"de","potentialAction":[{"@type":"ReadAction","target":["https:\/\/www.adivasihilfe.de\/?page_id=721"]}]},{"@type":"ImageObject","inLanguage":"de","@id":"https:\/\/www.adivasihilfe.de\/?page_id=721#primaryimage","url":"https:\/\/www.adivasihilfe.de\/wp-content\/uploads\/AC_klein.jpg","contentUrl":"https:\/\/www.adivasihilfe.de\/wp-content\/uploads\/AC_klein.jpg","width":800,"height":800},{"@type":"BreadcrumbList","@id":"https:\/\/www.adivasihilfe.de\/?page_id=721#breadcrumb","itemListElement":[{"@type":"ListItem","position":1,"name":"Startseite","item":"https:\/\/www.adivasihilfe.de\/"},{"@type":"ListItem","position":2,"name":"Der Vorstand"}]},{"@type":"WebSite","@id":"https:\/\/www.adivasihilfe.de\/#website","url":"https:\/\/www.adivasihilfe.de\/","name":"AdivasiHilfe e.V.","description":"","publisher":{"@id":"https:\/\/www.adivasihilfe.de\/#organization"},"potentialAction":[{"@type":"SearchAction","target":{"@type":"EntryPoint","urlTemplate":"https:\/\/www.adivasihilfe.de\/?s={search_term_string}"},"query-input":{"@type":"PropertyValueSpecification","valueRequired":true,"valueName":"search_term_string"}}],"inLanguage":"de"},{"@type":"Organization","@id":"https:\/\/www.adivasihilfe.de\/#organization","name":"AdivasiHilfe e.V.","url":"https:\/\/www.adivasihilfe.de\/","logo":{"@type":"ImageObject","inLanguage":"de","@id":"https:\/\/www.adivasihilfe.de\/#\/schema\/logo\/image\/","url":"https:\/\/www.adivasihilfe.de\/wp-content\/uploads\/2022\/04\/cropped-Adivasihilfe_logo-4-cm-breit.png","contentUrl":"https:\/\/www.adivasihilfe.de\/wp-content\/uploads\/2022\/04\/cropped-Adivasihilfe_logo-4-cm-breit.png","width":236,"height":200,"caption":"AdivasiHilfe e.V."},"image":{"@id":"https:\/\/www.adivasihilfe.de\/#\/schema\/logo\/image\/"}}]}},"pbg_featured_image_src":{"full":false,"thumbnail":false,"medium":false,"medium_large":false,"large":false,"1536x1536":false,"2048x2048":false,"post-thumbnail":false,"cenote-full-width":false,"cenote-post":false,"cenote-post-auto":false,"mailpoet_newsletter_max":false,"portfolio_item-thumbnail":false,"portfolio_item-thumbnail@2x":false,"portfolio_item-masonry":false,"portfolio_item-masonry@2x":false,"portfolio_item-thumbnail_cinema":false,"portfolio_item-thumbnail_portrait":false,"portfolio_item-thumbnail_portrait@2x":false,"portfolio_item-thumbnail_square":false},"pbg_author_info":{"display_name":"admin","author_link":"https:\/\/www.adivasihilfe.de\/?author=2","author_img":"<img alt='admin' src='https:\/\/secure.gravatar.com\/avatar\/7174b41cd15443684ec44be96e259ec140105fbbc159361de3cc58b5ba0d383a?s=128&#038;d=mm&#038;r=g' srcset='https:\/\/secure.gravatar.com\/avatar\/7174b41cd15443684ec44be96e259ec140105fbbc159361de3cc58b5ba0d383a?s=256&#038;d=mm&#038;r=g 2x' class='avatar avatar-128 photo' height='128' width='128' decoding='async'\/>"},"pbg_comment_info":" No Comments","pbg_excerpt":"Der Vorstand Die AdivasiHilfe ist ein in Bonn eingetragener Verein und setzt sich zusammenn aus dem Vorstand, im Speziellen dem 1. Vositzenden (Dr. Oluf H\u00fcbner), dem stellvertretenden Vorsitzenden (Erik Speck-Rosenbaum) und der Kassenw\u00e4rtin (Brigitte Br\u00fcck) sowie seinen Mitgliedern. 1. Vorsitzender Dr. Oluf H\u00fcbner geb. am 25.01.1950 \u00a0 Facharzt f\u00fcr Orthop\u00e4die und Unfallchirurgie in Bonn oluf.huebner@web.de&hellip;","featured_media_urls":[],"_links":{"self":[{"href":"https:\/\/www.adivasihilfe.de\/index.php?rest_route=\/wp\/v2\/pages\/721","targetHints":{"allow":["GET"]}}],"collection":[{"href":"https:\/\/www.adivasihilfe.de\/index.php?rest_route=\/wp\/v2\/pages"}],"about":[{"href":"https:\/\/www.adivasihilfe.de\/index.php?rest_route=\/wp\/v2\/types\/page"}],"author":[{"embeddable":true,"href":"https:\/\/www.adivasihilfe.de\/index.php?rest_route=\/wp\/v2\/users\/2"}],"replies":[{"embeddable":true,"href":"https:\/\/www.adivasihilfe.de\/index.php?rest_route=%2Fwp%2Fv2%2Fcomments&post=721"}],"version-history":[{"count":59,"href":"https:\/\/www.adivasihilfe.de\/index.php?rest_route=\/wp\/v2\/pages\/721\/revisions"}],"predecessor-version":[{"id":1288,"href":"https:\/\/www.adivasihilfe.de\/index.php?rest_route=\/wp\/v2\/pages\/721\/revisions\/1288"}],"wp:attachment":[{"href":"https:\/\/www.adivasihilfe.de\/index.php?rest_route=%2Fwp%2Fv2%2Fmedia&parent=721"}],"curies":[{"name":"wp","href":"https:\/\/api.w.org\/{rel}","templated":true}]}}