{"id":953,"date":"2022-05-29T22:07:24","date_gmt":"2022-05-29T20:07:24","guid":{"rendered":"https:\/\/www.adivasihilfe.de\/?page_id=953"},"modified":"2022-08-24T17:02:15","modified_gmt":"2022-08-24T15:02:15","slug":"spendenkonto","status":"publish","type":"page","link":"https:\/\/www.adivasihilfe.de\/?page_id=953","title":{"rendered":"Spendenkonto"},"content":{"rendered":"\t\t<div data-elementor-type=\"wp-page\" data-elementor-id=\"953\" class=\"elementor elementor-953\" data-elementor-post-type=\"page\">\n\t\t\t\t<div class=\"elementor-element elementor-element-32825fc e-flex e-con-boxed e-con e-parent\" data-id=\"32825fc\" data-element_type=\"container\">\n\t\t\t\t\t<div class=\"e-con-inner\">\n\t\t\t\t<div class=\"elementor-element elementor-element-912feaa elementor-widget__width-initial elementor-widget elementor-widget-image\" data-id=\"912feaa\" data-element_type=\"widget\" data-widget_type=\"image.default\">\n\t\t\t\t<div class=\"elementor-widget-container\">\n\t\t\t\t\t\t\t\t\t\t\t\t\t\t\t<img fetchpriority=\"high\" decoding=\"async\" width=\"1200\" height=\"681\" src=\"https:\/\/www.adivasihilfe.de\/wp-content\/uploads\/P1140555_web1a.jpg\" class=\"attachment-full size-full wp-image-959\" alt=\"\" srcset=\"https:\/\/www.adivasihilfe.de\/wp-content\/uploads\/P1140555_web1a.jpg 1200w, https:\/\/www.adivasihilfe.de\/wp-content\/uploads\/P1140555_web1a-300x170.jpg 300w, https:\/\/www.adivasihilfe.de\/wp-content\/uploads\/P1140555_web1a-1024x581.jpg 1024w, https:\/\/www.adivasihilfe.de\/wp-content\/uploads\/P1140555_web1a-768x436.jpg 768w, https:\/\/www.adivasihilfe.de\/wp-content\/uploads\/P1140555_web1a-600x341.jpg 600w\" sizes=\"(max-width: 1200px) 100vw, 1200px\" \/>\t\t\t\t\t\t\t\t\t\t\t\t\t\t\t<\/div>\n\t\t\t\t<\/div>\n\t\t\t\t<div class=\"elementor-element elementor-element-e3227ca elementor-widget elementor-widget-text-editor\" data-id=\"e3227ca\" data-element_type=\"widget\" data-widget_type=\"text-editor.default\">\n\t\t\t\t<div class=\"elementor-widget-container\">\n\t\t\t\t\t\t\t\t\t<p>Wenn Sie helfen wollen&#8230;<\/p>\t\t\t\t\t\t\t\t<\/div>\n\t\t\t\t<\/div>\n\t\t\t\t\t<\/div>\n\t\t\t\t<\/div>\n\t\t<div class=\"elementor-element elementor-element-ba1bfae e-flex e-con-boxed e-con e-parent\" data-id=\"ba1bfae\" data-element_type=\"container\">\n\t\t\t\t\t<div class=\"e-con-inner\">\n\t\t<div class=\"elementor-element elementor-element-49c02c9 e-con-full e-flex e-con e-parent\" data-id=\"49c02c9\" data-element_type=\"container\">\n\t\t\t\t<div class=\"elementor-element elementor-element-36629880 elementor-widget elementor-widget-text-editor\" data-id=\"36629880\" data-element_type=\"widget\" data-widget_type=\"text-editor.default\">\n\t\t\t\t<div class=\"elementor-widget-container\">\n\t\t\t\t\t\t\t\t\t<p>spenden Sie bitte an:<\/p><p>Kontoname: <strong>AdivasiHilfe e.V.<\/strong><\/p><p>Bank: <strong>GLS Gemeinschaftsbank<\/strong><\/p><p>Swift-BIC: <strong>GENODEM1GLS<\/strong><\/p><p>IBAN:\u00a0<strong>DE13 4306 0967 1283 8468 00<\/strong><\/p>\t\t\t\t\t\t\t\t<\/div>\n\t\t\t\t<\/div>\n\t\t\t\t<\/div>\n\t\t<div class=\"elementor-element elementor-element-2ea892e e-con-full e-flex e-con e-parent\" data-id=\"2ea892e\" data-element_type=\"container\">\n\t\t\t\t<div class=\"elementor-element elementor-element-7b1e67d elementor-widget elementor-widget-text-editor\" data-id=\"7b1e67d\" data-element_type=\"widget\" data-widget_type=\"text-editor.default\">\n\t\t\t\t<div class=\"elementor-widget-container\">\n\t\t\t\t\t\t\t\t\t<p><strong>AdivasHilfe ist ein gemeinn\u00fctziger Verein.\u00a0<\/strong><\/p><p><strong>Sie k\u00f6nnen Ihre Spende auf das nebenstehende Konto \u00fcberweisen und erhalten von uns eine Eingangsbest\u00e4tigung.<\/strong><\/p><p><strong>\u00dcber die Spende wird Ihnen eine steuerwirksame Quittung im Januar des Folgejahres automatisch zugeschickt.<\/strong><\/p><p>Bei Fragen senden Sie uns gerne eine E-Mail: <a href=\"mailto:info@adivasihilfe.de\">info@adivasihilfe.de<\/a><\/p>\t\t\t\t\t\t\t\t<\/div>\n\t\t\t\t<\/div>\n\t\t\t\t<\/div>\n\t\t\t\t\t<\/div>\n\t\t\t\t<\/div>\n\t\t\t\t<\/div>\n\t\t","protected":false},"excerpt":{"rendered":"<p>Wenn Sie helfen wollen&#8230; spenden Sie bitte an: Kontoname: AdivasiHilfe e.V. Bank: GLS Gemeinschaftsbank Swift-BIC: GENODEM1GLS IBAN:\u00a0DE13 4306 0967 1283 8468 00 AdivasHilfe ist ein gemeinn\u00fctziger Verein.\u00a0 Sie k\u00f6nnen Ihre Spende auf das nebenstehende Konto \u00fcberweisen und erhalten von uns eine Eingangsbest\u00e4tigung. \u00dcber die Spende wird Ihnen eine steuerwirksame Quittung im Januar des Folgejahres automatisch [&hellip;]<\/p>\n","protected":false},"author":2,"featured_media":0,"parent":0,"menu_order":0,"comment_status":"closed","ping_status":"closed","template":"elementor_theme","meta":{"footnotes":""},"class_list":["post-953","page","type-page","status-publish","hentry"],"yoast_head":"<!-- This site is optimized with the Yoast SEO plugin v24.9 - https:\/\/yoast.com\/wordpress\/plugins\/seo\/ -->\n<title>Spendenkonto - AdivasiHilfe e.V.<\/title>\n<meta name=\"robots\" content=\"index, follow, max-snippet:-1, max-image-preview:large, max-video-preview:-1\" \/>\n<link rel=\"canonical\" href=\"https:\/\/www.adivasihilfe.de\/?page_id=953\" \/>\n<meta property=\"og:locale\" content=\"de_DE\" \/>\n<meta property=\"og:type\" content=\"article\" \/>\n<meta property=\"og:title\" content=\"Spendenkonto - AdivasiHilfe e.V.\" \/>\n<meta property=\"og:description\" content=\"Wenn Sie helfen wollen&#8230; spenden Sie bitte an: Kontoname: AdivasiHilfe e.V. Bank: GLS Gemeinschaftsbank Swift-BIC: GENODEM1GLS IBAN:\u00a0DE13 4306 0967 1283 8468 00 AdivasHilfe ist ein gemeinn\u00fctziger Verein.\u00a0 Sie k\u00f6nnen Ihre Spende auf das nebenstehende Konto \u00fcberweisen und erhalten von uns eine Eingangsbest\u00e4tigung. \u00dcber die Spende wird Ihnen eine steuerwirksame Quittung im Januar des Folgejahres automatisch [&hellip;]\" \/>\n<meta property=\"og:url\" content=\"https:\/\/www.adivasihilfe.de\/?page_id=953\" \/>\n<meta property=\"og:site_name\" content=\"AdivasiHilfe e.V.\" \/>\n<meta property=\"article:modified_time\" content=\"2022-08-24T15:02:15+00:00\" \/>\n<meta property=\"og:image\" content=\"https:\/\/www.adivasihilfe.de\/wp-content\/uploads\/P1140555_web1a.jpg\" \/>\n<meta name=\"twitter:card\" content=\"summary_large_image\" \/>\n<meta name=\"twitter:label1\" content=\"Gesch\u00e4tzte Lesezeit\" \/>\n\t<meta name=\"twitter:data1\" content=\"1\u00a0Minute\" \/>\n<script type=\"application\/ld+json\" class=\"yoast-schema-graph\">{\"@context\":\"https:\/\/schema.org\",\"@graph\":[{\"@type\":\"WebPage\",\"@id\":\"https:\/\/www.adivasihilfe.de\/?page_id=953\",\"url\":\"https:\/\/www.adivasihilfe.de\/?page_id=953\",\"name\":\"Spendenkonto - AdivasiHilfe e.V.\",\"isPartOf\":{\"@id\":\"https:\/\/www.adivasihilfe.de\/#website\"},\"primaryImageOfPage\":{\"@id\":\"https:\/\/www.adivasihilfe.de\/?page_id=953#primaryimage\"},\"image\":{\"@id\":\"https:\/\/www.adivasihilfe.de\/?page_id=953#primaryimage\"},\"thumbnailUrl\":\"https:\/\/www.adivasihilfe.de\/wp-content\/uploads\/P1140555_web1a.jpg\",\"datePublished\":\"2022-05-29T20:07:24+00:00\",\"dateModified\":\"2022-08-24T15:02:15+00:00\",\"breadcrumb\":{\"@id\":\"https:\/\/www.adivasihilfe.de\/?page_id=953#breadcrumb\"},\"inLanguage\":\"de\",\"potentialAction\":[{\"@type\":\"ReadAction\",\"target\":[\"https:\/\/www.adivasihilfe.de\/?page_id=953\"]}]},{\"@type\":\"ImageObject\",\"inLanguage\":\"de\",\"@id\":\"https:\/\/www.adivasihilfe.de\/?page_id=953#primaryimage\",\"url\":\"https:\/\/www.adivasihilfe.de\/wp-content\/uploads\/P1140555_web1a.jpg\",\"contentUrl\":\"https:\/\/www.adivasihilfe.de\/wp-content\/uploads\/P1140555_web1a.jpg\",\"width\":1200,\"height\":681},{\"@type\":\"BreadcrumbList\",\"@id\":\"https:\/\/www.adivasihilfe.de\/?page_id=953#breadcrumb\",\"itemListElement\":[{\"@type\":\"ListItem\",\"position\":1,\"name\":\"Startseite\",\"item\":\"https:\/\/www.adivasihilfe.de\/\"},{\"@type\":\"ListItem\",\"position\":2,\"name\":\"Spendenkonto\"}]},{\"@type\":\"WebSite\",\"@id\":\"https:\/\/www.adivasihilfe.de\/#website\",\"url\":\"https:\/\/www.adivasihilfe.de\/\",\"name\":\"AdivasiHilfe e.V.\",\"description\":\"\",\"publisher\":{\"@id\":\"https:\/\/www.adivasihilfe.de\/#organization\"},\"potentialAction\":[{\"@type\":\"SearchAction\",\"target\":{\"@type\":\"EntryPoint\",\"urlTemplate\":\"https:\/\/www.adivasihilfe.de\/?s={search_term_string}\"},\"query-input\":{\"@type\":\"PropertyValueSpecification\",\"valueRequired\":true,\"valueName\":\"search_term_string\"}}],\"inLanguage\":\"de\"},{\"@type\":\"Organization\",\"@id\":\"https:\/\/www.adivasihilfe.de\/#organization\",\"name\":\"AdivasiHilfe e.V.\",\"url\":\"https:\/\/www.adivasihilfe.de\/\",\"logo\":{\"@type\":\"ImageObject\",\"inLanguage\":\"de\",\"@id\":\"https:\/\/www.adivasihilfe.de\/#\/schema\/logo\/image\/\",\"url\":\"https:\/\/www.adivasihilfe.de\/wp-content\/uploads\/2022\/04\/cropped-Adivasihilfe_logo-4-cm-breit.png\",\"contentUrl\":\"https:\/\/www.adivasihilfe.de\/wp-content\/uploads\/2022\/04\/cropped-Adivasihilfe_logo-4-cm-breit.png\",\"width\":236,\"height\":200,\"caption\":\"AdivasiHilfe e.V.\"},\"image\":{\"@id\":\"https:\/\/www.adivasihilfe.de\/#\/schema\/logo\/image\/\"}}]}<\/script>\n<!-- \/ Yoast SEO plugin. -->","yoast_head_json":{"title":"Spendenkonto - AdivasiHilfe e.V.","robots":{"index":"index","follow":"follow","max-snippet":"max-snippet:-1","max-image-preview":"max-image-preview:large","max-video-preview":"max-video-preview:-1"},"canonical":"https:\/\/www.adivasihilfe.de\/?page_id=953","og_locale":"de_DE","og_type":"article","og_title":"Spendenkonto - AdivasiHilfe e.V.","og_description":"Wenn Sie helfen wollen&#8230; spenden Sie bitte an: Kontoname: AdivasiHilfe e.V. Bank: GLS Gemeinschaftsbank Swift-BIC: GENODEM1GLS IBAN:\u00a0DE13 4306 0967 1283 8468 00 AdivasHilfe ist ein gemeinn\u00fctziger Verein.\u00a0 Sie k\u00f6nnen Ihre Spende auf das nebenstehende Konto \u00fcberweisen und erhalten von uns eine Eingangsbest\u00e4tigung. \u00dcber die Spende wird Ihnen eine steuerwirksame Quittung im Januar des Folgejahres automatisch [&hellip;]","og_url":"https:\/\/www.adivasihilfe.de\/?page_id=953","og_site_name":"AdivasiHilfe e.V.","article_modified_time":"2022-08-24T15:02:15+00:00","og_image":[{"url":"https:\/\/www.adivasihilfe.de\/wp-content\/uploads\/P1140555_web1a.jpg","type":"","width":"","height":""}],"twitter_card":"summary_large_image","twitter_misc":{"Gesch\u00e4tzte Lesezeit":"1\u00a0Minute"},"schema":{"@context":"https:\/\/schema.org","@graph":[{"@type":"WebPage","@id":"https:\/\/www.adivasihilfe.de\/?page_id=953","url":"https:\/\/www.adivasihilfe.de\/?page_id=953","name":"Spendenkonto - AdivasiHilfe e.V.","isPartOf":{"@id":"https:\/\/www.adivasihilfe.de\/#website"},"primaryImageOfPage":{"@id":"https:\/\/www.adivasihilfe.de\/?page_id=953#primaryimage"},"image":{"@id":"https:\/\/www.adivasihilfe.de\/?page_id=953#primaryimage"},"thumbnailUrl":"https:\/\/www.adivasihilfe.de\/wp-content\/uploads\/P1140555_web1a.jpg","datePublished":"2022-05-29T20:07:24+00:00","dateModified":"2022-08-24T15:02:15+00:00","breadcrumb":{"@id":"https:\/\/www.adivasihilfe.de\/?page_id=953#breadcrumb"},"inLanguage":"de","potentialAction":[{"@type":"ReadAction","target":["https:\/\/www.adivasihilfe.de\/?page_id=953"]}]},{"@type":"ImageObject","inLanguage":"de","@id":"https:\/\/www.adivasihilfe.de\/?page_id=953#primaryimage","url":"https:\/\/www.adivasihilfe.de\/wp-content\/uploads\/P1140555_web1a.jpg","contentUrl":"https:\/\/www.adivasihilfe.de\/wp-content\/uploads\/P1140555_web1a.jpg","width":1200,"height":681},{"@type":"BreadcrumbList","@id":"https:\/\/www.adivasihilfe.de\/?page_id=953#breadcrumb","itemListElement":[{"@type":"ListItem","position":1,"name":"Startseite","item":"https:\/\/www.adivasihilfe.de\/"},{"@type":"ListItem","position":2,"name":"Spendenkonto"}]},{"@type":"WebSite","@id":"https:\/\/www.adivasihilfe.de\/#website","url":"https:\/\/www.adivasihilfe.de\/","name":"AdivasiHilfe e.V.","description":"","publisher":{"@id":"https:\/\/www.adivasihilfe.de\/#organization"},"potentialAction":[{"@type":"SearchAction","target":{"@type":"EntryPoint","urlTemplate":"https:\/\/www.adivasihilfe.de\/?s={search_term_string}"},"query-input":{"@type":"PropertyValueSpecification","valueRequired":true,"valueName":"search_term_string"}}],"inLanguage":"de"},{"@type":"Organization","@id":"https:\/\/www.adivasihilfe.de\/#organization","name":"AdivasiHilfe e.V.","url":"https:\/\/www.adivasihilfe.de\/","logo":{"@type":"ImageObject","inLanguage":"de","@id":"https:\/\/www.adivasihilfe.de\/#\/schema\/logo\/image\/","url":"https:\/\/www.adivasihilfe.de\/wp-content\/uploads\/2022\/04\/cropped-Adivasihilfe_logo-4-cm-breit.png","contentUrl":"https:\/\/www.adivasihilfe.de\/wp-content\/uploads\/2022\/04\/cropped-Adivasihilfe_logo-4-cm-breit.png","width":236,"height":200,"caption":"AdivasiHilfe e.V."},"image":{"@id":"https:\/\/www.adivasihilfe.de\/#\/schema\/logo\/image\/"}}]}},"pbg_featured_image_src":{"full":false,"thumbnail":false,"medium":false,"medium_large":false,"large":false,"1536x1536":false,"2048x2048":false,"post-thumbnail":false,"cenote-full-width":false,"cenote-post":false,"cenote-post-auto":false,"mailpoet_newsletter_max":false,"portfolio_item-thumbnail":false,"portfolio_item-thumbnail@2x":false,"portfolio_item-masonry":false,"portfolio_item-masonry@2x":false,"portfolio_item-thumbnail_cinema":false,"portfolio_item-thumbnail_portrait":false,"portfolio_item-thumbnail_portrait@2x":false,"portfolio_item-thumbnail_square":false},"pbg_author_info":{"display_name":"admin","author_link":"https:\/\/www.adivasihilfe.de\/?author=2","author_img":"<img alt='admin' src='https:\/\/secure.gravatar.com\/avatar\/7174b41cd15443684ec44be96e259ec140105fbbc159361de3cc58b5ba0d383a?s=128&#038;d=mm&#038;r=g' srcset='https:\/\/secure.gravatar.com\/avatar\/7174b41cd15443684ec44be96e259ec140105fbbc159361de3cc58b5ba0d383a?s=256&#038;d=mm&#038;r=g 2x' class='avatar avatar-128 photo' height='128' width='128' decoding='async'\/>"},"pbg_comment_info":" No Comments","pbg_excerpt":"Wenn Sie helfen wollen&#8230; spenden Sie bitte an: Kontoname: AdivasiHilfe e.V. Bank: GLS Gemeinschaftsbank Swift-BIC: GENODEM1GLS IBAN:\u00a0DE13 4306 0967 1283 8468 00 AdivasHilfe ist ein gemeinn\u00fctziger Verein.\u00a0 Sie k\u00f6nnen Ihre Spende auf das nebenstehende Konto \u00fcberweisen und erhalten von uns eine Eingangsbest\u00e4tigung. \u00dcber die Spende wird Ihnen eine steuerwirksame Quittung im Januar des Folgejahres automatisch&hellip;","featured_media_urls":[],"_links":{"self":[{"href":"https:\/\/www.adivasihilfe.de\/index.php?rest_route=\/wp\/v2\/pages\/953","targetHints":{"allow":["GET"]}}],"collection":[{"href":"https:\/\/www.adivasihilfe.de\/index.php?rest_route=\/wp\/v2\/pages"}],"about":[{"href":"https:\/\/www.adivasihilfe.de\/index.php?rest_route=\/wp\/v2\/types\/page"}],"author":[{"embeddable":true,"href":"https:\/\/www.adivasihilfe.de\/index.php?rest_route=\/wp\/v2\/users\/2"}],"replies":[{"embeddable":true,"href":"https:\/\/www.adivasihilfe.de\/index.php?rest_route=%2Fwp%2Fv2%2Fcomments&post=953"}],"version-history":[{"count":37,"href":"https:\/\/www.adivasihilfe.de\/index.php?rest_route=\/wp\/v2\/pages\/953\/revisions"}],"predecessor-version":[{"id":1484,"href":"https:\/\/www.adivasihilfe.de\/index.php?rest_route=\/wp\/v2\/pages\/953\/revisions\/1484"}],"wp:attachment":[{"href":"https:\/\/www.adivasihilfe.de\/index.php?rest_route=%2Fwp%2Fv2%2Fmedia&parent=953"}],"curies":[{"name":"wp","href":"https:\/\/api.w.org\/{rel}","templated":true}]}}