{"id":978,"date":"2022-05-29T22:58:05","date_gmt":"2022-05-29T20:58:05","guid":{"rendered":"https:\/\/www.adivasihilfe.de\/?page_id=978"},"modified":"2022-06-05T15:25:18","modified_gmt":"2022-06-05T13:25:18","slug":"der-verein","status":"publish","type":"page","link":"https:\/\/www.adivasihilfe.de\/?page_id=978","title":{"rendered":"Der Verein"},"content":{"rendered":"\t\t<div data-elementor-type=\"wp-page\" data-elementor-id=\"978\" class=\"elementor elementor-978\" data-elementor-post-type=\"page\">\n\t\t\t\t<div class=\"elementor-element elementor-element-3d01a85b e-flex e-con-boxed e-con e-parent\" data-id=\"3d01a85b\" data-element_type=\"container\">\n\t\t\t\t\t<div class=\"e-con-inner\">\n\t\t\t\t<div class=\"elementor-element elementor-element-00c1d0f elementor-widget elementor-widget-image\" data-id=\"00c1d0f\" data-element_type=\"widget\" data-widget_type=\"image.default\">\n\t\t\t\t<div class=\"elementor-widget-container\">\n\t\t\t\t\t\t\t\t\t\t\t\t\t\t\t<img fetchpriority=\"high\" decoding=\"async\" width=\"1200\" height=\"620\" src=\"https:\/\/www.adivasihilfe.de\/wp-content\/uploads\/IMG_20200820_1012281-B.png\" class=\"attachment-full size-full wp-image-1132\" alt=\"\" srcset=\"https:\/\/www.adivasihilfe.de\/wp-content\/uploads\/IMG_20200820_1012281-B.png 1200w, https:\/\/www.adivasihilfe.de\/wp-content\/uploads\/IMG_20200820_1012281-B-300x155.png 300w, https:\/\/www.adivasihilfe.de\/wp-content\/uploads\/IMG_20200820_1012281-B-1024x529.png 1024w, https:\/\/www.adivasihilfe.de\/wp-content\/uploads\/IMG_20200820_1012281-B-768x397.png 768w, https:\/\/www.adivasihilfe.de\/wp-content\/uploads\/IMG_20200820_1012281-B-600x310.png 600w\" sizes=\"(max-width: 1200px) 100vw, 1200px\" \/>\t\t\t\t\t\t\t\t\t\t\t\t\t\t\t<\/div>\n\t\t\t\t<\/div>\n\t\t\t\t<div class=\"elementor-element elementor-element-9c5588c elementor-widget elementor-widget-text-editor\" data-id=\"9c5588c\" data-element_type=\"widget\" data-widget_type=\"text-editor.default\">\n\t\t\t\t<div class=\"elementor-widget-container\">\n\t\t\t\t\t\t\t\t\t<p class=\"elementor-heading-title elementor-size-default\">Der AdivasiHilfe Verein<\/p>\t\t\t\t\t\t\t\t<\/div>\n\t\t\t\t<\/div>\n\t\t\t\t<div class=\"elementor-element elementor-element-13aa8295 elementor-widget elementor-widget-text-editor\" data-id=\"13aa8295\" data-element_type=\"widget\" data-widget_type=\"text-editor.default\">\n\t\t\t\t<div class=\"elementor-widget-container\">\n\t\t\t\t\t\t\t\t\t<div class=\"elementor-element elementor-element-b337ccb elementor-widget elementor-widget-text-editor\" data-id=\"b337ccb\" data-element_type=\"widget\" data-widget_type=\"text-editor.default\"><div class=\"elementor-widget-container\"><p>Der Verein AdivasiHilfe will durch \u00d6ffentlichkeitsarbeit die Lage der Adivasis und ihre Entwicklung unterst\u00fctzen. Der Verein kl\u00e4rt \u00fcber die Adivasis, ihre Lebens- und Arbeitsweise auf, sowie \u00fcber ihre Bedrohung durch Assimilation in der indischen Gesellschaft und ihrer Vertreibung durch die indischen Industrieprojekte. Wir im AdivasiHilfe e.V. informieren \u00fcber den Beitrag der Adivasi zur Klimagesundung durch ihre traditionelle Landwirtschaft, ihre schonende Waldnutzung und Verteidigung der W\u00e4lder gegen Abholzung und Rohstoffabbau. Der Verein informiert auch \u00fcber Kunst und Kultur der Adivasi wie z. B. die Adivasi-Malerei.<\/p><p>AdivasiHilfe e.V. hat seine Wurzeln in der Gr\u00fcndung eines kleinen Entwicklungsprojekts Adivasi Afforestation Ashram Bhai-Bhoni, (AAABB) vor 40 Jahren im Koraput Distrikt im indischen Bundesstaat Odisha gegr\u00fcndet.<\/p><\/div><\/div>\t\t\t\t\t\t\t\t<\/div>\n\t\t\t\t<\/div>\n\t\t\t\t\t<\/div>\n\t\t\t\t<\/div>\n\t\t\t\t<\/div>\n\t\t","protected":false},"excerpt":{"rendered":"<p>Der AdivasiHilfe Verein Der Verein AdivasiHilfe will durch \u00d6ffentlichkeitsarbeit die Lage der Adivasis und ihre Entwicklung unterst\u00fctzen. Der Verein kl\u00e4rt \u00fcber die Adivasis, ihre Lebens- und Arbeitsweise auf, sowie \u00fcber ihre Bedrohung durch Assimilation in der indischen Gesellschaft und ihrer Vertreibung durch die indischen Industrieprojekte. Wir im AdivasiHilfe e.V. informieren \u00fcber den Beitrag der Adivasi [&hellip;]<\/p>\n","protected":false},"author":2,"featured_media":0,"parent":0,"menu_order":0,"comment_status":"closed","ping_status":"closed","template":"elementor_theme","meta":{"footnotes":""},"class_list":["post-978","page","type-page","status-publish","hentry"],"yoast_head":"<!-- This site is optimized with the Yoast SEO plugin v24.9 - https:\/\/yoast.com\/wordpress\/plugins\/seo\/ -->\n<title>Der Verein - AdivasiHilfe e.V.<\/title>\n<meta name=\"robots\" content=\"index, follow, max-snippet:-1, max-image-preview:large, max-video-preview:-1\" \/>\n<link rel=\"canonical\" href=\"https:\/\/www.adivasihilfe.de\/?page_id=978\" \/>\n<meta property=\"og:locale\" content=\"de_DE\" \/>\n<meta property=\"og:type\" content=\"article\" \/>\n<meta property=\"og:title\" content=\"Der Verein - AdivasiHilfe e.V.\" \/>\n<meta property=\"og:description\" content=\"Der AdivasiHilfe Verein Der Verein AdivasiHilfe will durch \u00d6ffentlichkeitsarbeit die Lage der Adivasis und ihre Entwicklung unterst\u00fctzen. Der Verein kl\u00e4rt \u00fcber die Adivasis, ihre Lebens- und Arbeitsweise auf, sowie \u00fcber ihre Bedrohung durch Assimilation in der indischen Gesellschaft und ihrer Vertreibung durch die indischen Industrieprojekte. Wir im AdivasiHilfe e.V. informieren \u00fcber den Beitrag der Adivasi [&hellip;]\" \/>\n<meta property=\"og:url\" content=\"https:\/\/www.adivasihilfe.de\/?page_id=978\" \/>\n<meta property=\"og:site_name\" content=\"AdivasiHilfe e.V.\" \/>\n<meta property=\"article:modified_time\" content=\"2022-06-05T13:25:18+00:00\" \/>\n<meta property=\"og:image\" content=\"https:\/\/www.adivasihilfe.de\/wp-content\/uploads\/IMG_20200820_1012281-B.png\" \/>\n<meta name=\"twitter:card\" content=\"summary_large_image\" \/>\n<meta name=\"twitter:label1\" content=\"Gesch\u00e4tzte Lesezeit\" \/>\n\t<meta name=\"twitter:data1\" content=\"2\u00a0Minuten\" \/>\n<script type=\"application\/ld+json\" class=\"yoast-schema-graph\">{\"@context\":\"https:\/\/schema.org\",\"@graph\":[{\"@type\":\"WebPage\",\"@id\":\"https:\/\/www.adivasihilfe.de\/?page_id=978\",\"url\":\"https:\/\/www.adivasihilfe.de\/?page_id=978\",\"name\":\"Der Verein - AdivasiHilfe e.V.\",\"isPartOf\":{\"@id\":\"https:\/\/www.adivasihilfe.de\/#website\"},\"primaryImageOfPage\":{\"@id\":\"https:\/\/www.adivasihilfe.de\/?page_id=978#primaryimage\"},\"image\":{\"@id\":\"https:\/\/www.adivasihilfe.de\/?page_id=978#primaryimage\"},\"thumbnailUrl\":\"https:\/\/www.adivasihilfe.de\/wp-content\/uploads\/IMG_20200820_1012281-B.png\",\"datePublished\":\"2022-05-29T20:58:05+00:00\",\"dateModified\":\"2022-06-05T13:25:18+00:00\",\"breadcrumb\":{\"@id\":\"https:\/\/www.adivasihilfe.de\/?page_id=978#breadcrumb\"},\"inLanguage\":\"de\",\"potentialAction\":[{\"@type\":\"ReadAction\",\"target\":[\"https:\/\/www.adivasihilfe.de\/?page_id=978\"]}]},{\"@type\":\"ImageObject\",\"inLanguage\":\"de\",\"@id\":\"https:\/\/www.adivasihilfe.de\/?page_id=978#primaryimage\",\"url\":\"https:\/\/www.adivasihilfe.de\/wp-content\/uploads\/IMG_20200820_1012281-B.png\",\"contentUrl\":\"https:\/\/www.adivasihilfe.de\/wp-content\/uploads\/IMG_20200820_1012281-B.png\",\"width\":1200,\"height\":620},{\"@type\":\"BreadcrumbList\",\"@id\":\"https:\/\/www.adivasihilfe.de\/?page_id=978#breadcrumb\",\"itemListElement\":[{\"@type\":\"ListItem\",\"position\":1,\"name\":\"Startseite\",\"item\":\"https:\/\/www.adivasihilfe.de\/\"},{\"@type\":\"ListItem\",\"position\":2,\"name\":\"Der Verein\"}]},{\"@type\":\"WebSite\",\"@id\":\"https:\/\/www.adivasihilfe.de\/#website\",\"url\":\"https:\/\/www.adivasihilfe.de\/\",\"name\":\"AdivasiHilfe e.V.\",\"description\":\"\",\"publisher\":{\"@id\":\"https:\/\/www.adivasihilfe.de\/#organization\"},\"potentialAction\":[{\"@type\":\"SearchAction\",\"target\":{\"@type\":\"EntryPoint\",\"urlTemplate\":\"https:\/\/www.adivasihilfe.de\/?s={search_term_string}\"},\"query-input\":{\"@type\":\"PropertyValueSpecification\",\"valueRequired\":true,\"valueName\":\"search_term_string\"}}],\"inLanguage\":\"de\"},{\"@type\":\"Organization\",\"@id\":\"https:\/\/www.adivasihilfe.de\/#organization\",\"name\":\"AdivasiHilfe e.V.\",\"url\":\"https:\/\/www.adivasihilfe.de\/\",\"logo\":{\"@type\":\"ImageObject\",\"inLanguage\":\"de\",\"@id\":\"https:\/\/www.adivasihilfe.de\/#\/schema\/logo\/image\/\",\"url\":\"https:\/\/www.adivasihilfe.de\/wp-content\/uploads\/2022\/04\/cropped-Adivasihilfe_logo-4-cm-breit.png\",\"contentUrl\":\"https:\/\/www.adivasihilfe.de\/wp-content\/uploads\/2022\/04\/cropped-Adivasihilfe_logo-4-cm-breit.png\",\"width\":236,\"height\":200,\"caption\":\"AdivasiHilfe e.V.\"},\"image\":{\"@id\":\"https:\/\/www.adivasihilfe.de\/#\/schema\/logo\/image\/\"}}]}<\/script>\n<!-- \/ Yoast SEO plugin. -->","yoast_head_json":{"title":"Der Verein - AdivasiHilfe e.V.","robots":{"index":"index","follow":"follow","max-snippet":"max-snippet:-1","max-image-preview":"max-image-preview:large","max-video-preview":"max-video-preview:-1"},"canonical":"https:\/\/www.adivasihilfe.de\/?page_id=978","og_locale":"de_DE","og_type":"article","og_title":"Der Verein - AdivasiHilfe e.V.","og_description":"Der AdivasiHilfe Verein Der Verein AdivasiHilfe will durch \u00d6ffentlichkeitsarbeit die Lage der Adivasis und ihre Entwicklung unterst\u00fctzen. Der Verein kl\u00e4rt \u00fcber die Adivasis, ihre Lebens- und Arbeitsweise auf, sowie \u00fcber ihre Bedrohung durch Assimilation in der indischen Gesellschaft und ihrer Vertreibung durch die indischen Industrieprojekte. Wir im AdivasiHilfe e.V. informieren \u00fcber den Beitrag der Adivasi [&hellip;]","og_url":"https:\/\/www.adivasihilfe.de\/?page_id=978","og_site_name":"AdivasiHilfe e.V.","article_modified_time":"2022-06-05T13:25:18+00:00","og_image":[{"url":"https:\/\/www.adivasihilfe.de\/wp-content\/uploads\/IMG_20200820_1012281-B.png","type":"","width":"","height":""}],"twitter_card":"summary_large_image","twitter_misc":{"Gesch\u00e4tzte Lesezeit":"2\u00a0Minuten"},"schema":{"@context":"https:\/\/schema.org","@graph":[{"@type":"WebPage","@id":"https:\/\/www.adivasihilfe.de\/?page_id=978","url":"https:\/\/www.adivasihilfe.de\/?page_id=978","name":"Der Verein - AdivasiHilfe e.V.","isPartOf":{"@id":"https:\/\/www.adivasihilfe.de\/#website"},"primaryImageOfPage":{"@id":"https:\/\/www.adivasihilfe.de\/?page_id=978#primaryimage"},"image":{"@id":"https:\/\/www.adivasihilfe.de\/?page_id=978#primaryimage"},"thumbnailUrl":"https:\/\/www.adivasihilfe.de\/wp-content\/uploads\/IMG_20200820_1012281-B.png","datePublished":"2022-05-29T20:58:05+00:00","dateModified":"2022-06-05T13:25:18+00:00","breadcrumb":{"@id":"https:\/\/www.adivasihilfe.de\/?page_id=978#breadcrumb"},"inLanguage":"de","potentialAction":[{"@type":"ReadAction","target":["https:\/\/www.adivasihilfe.de\/?page_id=978"]}]},{"@type":"ImageObject","inLanguage":"de","@id":"https:\/\/www.adivasihilfe.de\/?page_id=978#primaryimage","url":"https:\/\/www.adivasihilfe.de\/wp-content\/uploads\/IMG_20200820_1012281-B.png","contentUrl":"https:\/\/www.adivasihilfe.de\/wp-content\/uploads\/IMG_20200820_1012281-B.png","width":1200,"height":620},{"@type":"BreadcrumbList","@id":"https:\/\/www.adivasihilfe.de\/?page_id=978#breadcrumb","itemListElement":[{"@type":"ListItem","position":1,"name":"Startseite","item":"https:\/\/www.adivasihilfe.de\/"},{"@type":"ListItem","position":2,"name":"Der Verein"}]},{"@type":"WebSite","@id":"https:\/\/www.adivasihilfe.de\/#website","url":"https:\/\/www.adivasihilfe.de\/","name":"AdivasiHilfe e.V.","description":"","publisher":{"@id":"https:\/\/www.adivasihilfe.de\/#organization"},"potentialAction":[{"@type":"SearchAction","target":{"@type":"EntryPoint","urlTemplate":"https:\/\/www.adivasihilfe.de\/?s={search_term_string}"},"query-input":{"@type":"PropertyValueSpecification","valueRequired":true,"valueName":"search_term_string"}}],"inLanguage":"de"},{"@type":"Organization","@id":"https:\/\/www.adivasihilfe.de\/#organization","name":"AdivasiHilfe e.V.","url":"https:\/\/www.adivasihilfe.de\/","logo":{"@type":"ImageObject","inLanguage":"de","@id":"https:\/\/www.adivasihilfe.de\/#\/schema\/logo\/image\/","url":"https:\/\/www.adivasihilfe.de\/wp-content\/uploads\/2022\/04\/cropped-Adivasihilfe_logo-4-cm-breit.png","contentUrl":"https:\/\/www.adivasihilfe.de\/wp-content\/uploads\/2022\/04\/cropped-Adivasihilfe_logo-4-cm-breit.png","width":236,"height":200,"caption":"AdivasiHilfe e.V."},"image":{"@id":"https:\/\/www.adivasihilfe.de\/#\/schema\/logo\/image\/"}}]}},"pbg_featured_image_src":{"full":false,"thumbnail":false,"medium":false,"medium_large":false,"large":false,"1536x1536":false,"2048x2048":false,"post-thumbnail":false,"cenote-full-width":false,"cenote-post":false,"cenote-post-auto":false,"mailpoet_newsletter_max":false,"portfolio_item-thumbnail":false,"portfolio_item-thumbnail@2x":false,"portfolio_item-masonry":false,"portfolio_item-masonry@2x":false,"portfolio_item-thumbnail_cinema":false,"portfolio_item-thumbnail_portrait":false,"portfolio_item-thumbnail_portrait@2x":false,"portfolio_item-thumbnail_square":false},"pbg_author_info":{"display_name":"admin","author_link":"https:\/\/www.adivasihilfe.de\/?author=2","author_img":"<img alt='admin' src='https:\/\/secure.gravatar.com\/avatar\/7174b41cd15443684ec44be96e259ec140105fbbc159361de3cc58b5ba0d383a?s=128&#038;d=mm&#038;r=g' srcset='https:\/\/secure.gravatar.com\/avatar\/7174b41cd15443684ec44be96e259ec140105fbbc159361de3cc58b5ba0d383a?s=256&#038;d=mm&#038;r=g 2x' class='avatar avatar-128 photo' height='128' width='128' decoding='async'\/>"},"pbg_comment_info":" No Comments","pbg_excerpt":"Der AdivasiHilfe Verein Der Verein AdivasiHilfe will durch \u00d6ffentlichkeitsarbeit die Lage der Adivasis und ihre Entwicklung unterst\u00fctzen. Der Verein kl\u00e4rt \u00fcber die Adivasis, ihre Lebens- und Arbeitsweise auf, sowie \u00fcber ihre Bedrohung durch Assimilation in der indischen Gesellschaft und ihrer Vertreibung durch die indischen Industrieprojekte. Wir im AdivasiHilfe e.V. informieren \u00fcber den Beitrag der Adivasi&hellip;","featured_media_urls":[],"_links":{"self":[{"href":"https:\/\/www.adivasihilfe.de\/index.php?rest_route=\/wp\/v2\/pages\/978","targetHints":{"allow":["GET"]}}],"collection":[{"href":"https:\/\/www.adivasihilfe.de\/index.php?rest_route=\/wp\/v2\/pages"}],"about":[{"href":"https:\/\/www.adivasihilfe.de\/index.php?rest_route=\/wp\/v2\/types\/page"}],"author":[{"embeddable":true,"href":"https:\/\/www.adivasihilfe.de\/index.php?rest_route=\/wp\/v2\/users\/2"}],"replies":[{"embeddable":true,"href":"https:\/\/www.adivasihilfe.de\/index.php?rest_route=%2Fwp%2Fv2%2Fcomments&post=978"}],"version-history":[{"count":7,"href":"https:\/\/www.adivasihilfe.de\/index.php?rest_route=\/wp\/v2\/pages\/978\/revisions"}],"predecessor-version":[{"id":1135,"href":"https:\/\/www.adivasihilfe.de\/index.php?rest_route=\/wp\/v2\/pages\/978\/revisions\/1135"}],"wp:attachment":[{"href":"https:\/\/www.adivasihilfe.de\/index.php?rest_route=%2Fwp%2Fv2%2Fmedia&parent=978"}],"curies":[{"name":"wp","href":"https:\/\/api.w.org\/{rel}","templated":true}]}}